{"id":231,"date":"2025-04-06T20:48:35","date_gmt":"2025-04-06T20:48:35","guid":{"rendered":"https:\/\/www.100muzov.sk\/?page_id=231"},"modified":"2025-04-06T21:00:27","modified_gmt":"2025-04-06T21:00:27","slug":"gdpr","status":"publish","type":"page","link":"https:\/\/www.100muzov.sk\/cs\/gdpr\/","title":{"rendered":"Ochrana osobn\u00fdch \u00fadajov &#8211; GDPR"},"content":{"rendered":"<div data-elementor-type=\"wp-page\" data-elementor-id=\"231\" class=\"elementor elementor-231\" data-elementor-post-type=\"page\">\n\t\t\t\t<div class=\"elementor-element elementor-element-1a57590 e-flex e-con-boxed e-con e-parent\" data-id=\"1a57590\" data-element_type=\"container\" data-settings=\"{&quot;background_background&quot;:&quot;classic&quot;,&quot;shape_divider_top&quot;:&quot;mountains&quot;,&quot;shape_divider_bottom&quot;:&quot;mountains&quot;}\">\n\t\t\t\t\t<div class=\"e-con-inner\">\n\t\t\t\t<div class=\"elementor-shape elementor-shape-top\" aria-hidden=\"true\" data-negative=\"false\">\n\t\t\t<svg xmlns=\"http:\/\/www.w3.org\/2000\/svg\" viewbox=\"0 0 1000 100\" preserveaspectratio=\"none\">\n\t<path class=\"elementor-shape-fill\" opacity=\"0.33\" d=\"M473,67.3c-203.9,88.3-263.1-34-320.3,0C66,119.1,0,59.7,0,59.7V0h1000v59.7 c0,0-62.1,26.1-94.9,29.3c-32.8,3.3-62.8-12.3-75.8-22.1C806,49.6,745.3,8.7,694.9,4.7S492.4,59,473,67.3z\"\/>\n\t<path class=\"elementor-shape-fill\" opacity=\"0.66\" d=\"M734,67.3c-45.5,0-77.2-23.2-129.1-39.1c-28.6-8.7-150.3-10.1-254,39.1 s-91.7-34.4-149.2,0C115.7,118.3,0,39.8,0,39.8V0h1000v36.5c0,0-28.2-18.5-92.1-18.5C810.2,18.1,775.7,67.3,734,67.3z\"\/>\n\t<path class=\"elementor-shape-fill\" d=\"M766.1,28.9c-200-57.5-266,65.5-395.1,19.5C242,1.8,242,5.4,184.8,20.6C128,35.8,132.3,44.9,89.9,52.5C28.6,63.7,0,0,0,0 h1000c0,0-9.9,40.9-83.6,48.1S829.6,47,766.1,28.9z\"\/>\n<\/svg>\t\t<\/div>\n\t\t\t\t<div class=\"elementor-shape elementor-shape-bottom\" aria-hidden=\"true\" data-negative=\"false\">\n\t\t\t<svg xmlns=\"http:\/\/www.w3.org\/2000\/svg\" viewbox=\"0 0 1000 100\" preserveaspectratio=\"none\">\n\t<path class=\"elementor-shape-fill\" opacity=\"0.33\" d=\"M473,67.3c-203.9,88.3-263.1-34-320.3,0C66,119.1,0,59.7,0,59.7V0h1000v59.7 c0,0-62.1,26.1-94.9,29.3c-32.8,3.3-62.8-12.3-75.8-22.1C806,49.6,745.3,8.7,694.9,4.7S492.4,59,473,67.3z\"\/>\n\t<path class=\"elementor-shape-fill\" opacity=\"0.66\" d=\"M734,67.3c-45.5,0-77.2-23.2-129.1-39.1c-28.6-8.7-150.3-10.1-254,39.1 s-91.7-34.4-149.2,0C115.7,118.3,0,39.8,0,39.8V0h1000v36.5c0,0-28.2-18.5-92.1-18.5C810.2,18.1,775.7,67.3,734,67.3z\"\/>\n\t<path class=\"elementor-shape-fill\" d=\"M766.1,28.9c-200-57.5-266,65.5-395.1,19.5C242,1.8,242,5.4,184.8,20.6C128,35.8,132.3,44.9,89.9,52.5C28.6,63.7,0,0,0,0 h1000c0,0-9.9,40.9-83.6,48.1S829.6,47,766.1,28.9z\"\/>\n<\/svg>\t\t<\/div>\n\t\t\t\t<div class=\"elementor-element elementor-element-0824f50 animated-fast elementor-invisible elementor-widget elementor-widget-heading\" data-id=\"0824f50\" data-element_type=\"widget\" data-settings=\"{&quot;_animation&quot;:&quot;fadeInUp&quot;}\" data-widget_type=\"heading.default\">\n\t\t\t\t<div class=\"elementor-widget-container\">\n\t\t\t\t\t<h2 class=\"elementor-heading-title elementor-size-default\">Z\u00e1sady ochrany osobn\u00fdch \u00fadajov AMAEN, o.z.<\/h2>\t\t\t\t<\/div>\n\t\t\t\t<\/div>\n\t\t\t\t<div class=\"elementor-element elementor-element-af21ed7 elementor-widget-divider--view-line_icon animated-fast elementor-view-default elementor-widget-divider--element-align-center elementor-invisible elementor-widget elementor-widget-divider\" data-id=\"af21ed7\" data-element_type=\"widget\" data-settings=\"{&quot;_animation&quot;:&quot;fadeInRight&quot;}\" data-widget_type=\"divider.default\">\n\t\t\t\t<div class=\"elementor-widget-container\">\n\t\t\t\t\t\t\t<div class=\"elementor-divider\">\n\t\t\t<span class=\"elementor-divider-separator\">\n\t\t\t\t\t\t\t<div class=\"elementor-icon elementor-divider__element\">\n\t\t\t\t\t<svg aria-hidden=\"true\" class=\"e-font-icon-svg e-fas-sun\" viewbox=\"0 0 512 512\" xmlns=\"http:\/\/www.w3.org\/2000\/svg\"><path d=\"M256 160c-52.9 0-96 43.1-96 96s43.1 96 96 96 96-43.1 96-96-43.1-96-96-96zm246.4 80.5l-94.7-47.3 33.5-100.4c4.5-13.6-8.4-26.5-21.9-21.9l-100.4 33.5-47.4-94.8c-6.4-12.8-24.6-12.8-31 0l-47.3 94.7L92.7 70.8c-13.6-4.5-26.5 8.4-21.9 21.9l33.5 100.4-94.7 47.4c-12.8 6.4-12.8 24.6 0 31l94.7 47.3-33.5 100.5c-4.5 13.6 8.4 26.5 21.9 21.9l100.4-33.5 47.3 94.7c6.4 12.8 24.6 12.8 31 0l47.3-94.7 100.4 33.5c13.6 4.5 26.5-8.4 21.9-21.9l-33.5-100.4 94.7-47.3c13-6.5 13-24.7.2-31.1zm-155.9 106c-49.9 49.9-131.1 49.9-181 0-49.9-49.9-49.9-131.1 0-181 49.9-49.9 131.1-49.9 181 0 49.9 49.9 49.9 131.1 0 181z\"><\/path><\/svg><\/div>\n\t\t\t\t\t\t<\/span>\n\t\t<\/div>\n\t\t\t\t\t\t<\/div>\n\t\t\t\t<\/div>\n\t\t\t\t<div class=\"elementor-element elementor-element-1823e6d elementor-invisible elementor-widget elementor-widget-text-editor\" data-id=\"1823e6d\" data-element_type=\"widget\" data-settings=\"{&quot;_animation&quot;:&quot;fadeIn&quot;}\" data-widget_type=\"text-editor.default\">\n\t\t\t\t<div class=\"elementor-widget-container\">\n\t\t\t\t\t\t\t\t\t<p><strong>Provozovatel:<\/strong> AMAEN, o.z., Dem\u00e4novsk\u00e1 1453\/29, 031 01 Liptovsk\u00fd Mikul\u00e1\u0161 \u2013 Pal\u00fadzka<br \/>I\u010cO: 54599903<\/p><p>\u00a0<\/p><h2>1. Ak\u00e9 \u00fadaje zbierame?<\/h2><p>V r\u00e1mci registr\u00e1cie na na\u0161e podujatia sprac\u00favame tieto osobn\u00e9 \u00fadaje:<\/p><ul><li>Jm\u00e9no a p\u0159\u00edjmen\u00ed<\/li><li>Emailov\u00e1 adresa<\/li><li>Telef\u00f3nne \u010d\u00edslo<\/li><li>Inform\u00e1cie o strave alebo \u0161peci\u00e1lnych po\u017eiadavk\u00e1ch<\/li><\/ul><p>\u00a0<\/p><h2>2. Na ak\u00fd \u00fa\u010del \u00fadaje sprac\u00favame?<\/h2><p>\u00dadaje sprac\u00favame za \u00fa\u010delom:<\/p><ul><li>registr\u00e1cie a organiz\u00e1cie \u00fa\u010dasti na na\u0161ich akci\u00e1ch,<\/li><li>zasielania praktick\u00fdch inform\u00e1ci\u00ed pred podujat\u00edm,<\/li><li>informovania o pripravovan\u00fdch aktivit\u00e1ch (newsletter).<\/li><\/ul><p>\u00a0<\/p><h2>3. Ako dlho \u00fadaje uchov\u00e1vame?<\/h2><p>\u00dadaje uchov\u00e1vame po dobu, k\u00fdm n\u00e1s nepo\u017eiada\u0161 o ich vymazanie. Uchov\u00e1vanie \u00fadajov je neobmedzen\u00e9, pokia\u013e nenastane d\u00f4vod na v\u00fdmaz (napr. odhl\u00e1senie sa z odberu newslettera).<\/p><p>\u00a0<\/p><h2>4. Kto m\u00e1 k \u00fadajom pr\u00edstup?<\/h2><p>K \u00fadajom maj\u00fa pr\u00edstup v\u00fdlu\u010dne \u010dlenovia organiza\u010dn\u00e9ho t\u00edmu AMAEN, o.z. \u00dadaje nie s\u00fa poskytovan\u00e9 \u017eiadnym tret\u00edm stran\u00e1m. Nevyu\u017e\u00edvame extern\u00e9 spracovate\u013esk\u00e9 slu\u017eby.<\/p><p>\u00a0<\/p><h2>5. Tvoje pr\u00e1va<\/h2><p>M\u00e1\u0161 pr\u00e1vo na:<\/p><ul><li>pr\u00edstup k svojim \u00fadajom,<\/li><li>opravu nespr\u00e1vnych \u00fadajov,<\/li><li>vymazanie \u00fadajov (&#8222;pr\u00e1vo by\u0165 zabudnut\u00fd&#8220;),<\/li><li>obmedzenie sprac\u00favania,<\/li><li>namieta\u0165 proti sprac\u00favaniu,<\/li><li>prenos \u00fadajov k in\u00e9mu poskytovate\u013eovi.<\/li><\/ul><p>Svoje pr\u00e1va m\u00f4\u017ee\u0161 uplatni\u0165 e-mailom na <a href=\"mailto:info@amaen.org\">info@amaen.org<\/a>.<\/p><p>\u00a0<\/p><h2>6. Cookies a analytick\u00e9 n\u00e1stroje<\/h2><p>Na na\u0161om webe pou\u017e\u00edvame n\u00e1stroje tret\u00edch str\u00e1n na meranie n\u00e1v\u0161tevnosti a zlep\u0161ovanie slu\u017eieb:<\/p><ul><li>Google Analytics<\/li><li>Facebook Pixel<\/li><li>Microsoft Clarity<\/li><\/ul><p>\u00a0<\/p><p>Webov\u00e1 str\u00e1nka tie\u017e pou\u017e\u00edva cookies. Pou\u017e\u00edvan\u00edm str\u00e1nky s\u00fahlas\u00ed\u0161 s ich pou\u017e\u00edvan\u00edm.<\/p><p>\u00a0<\/p><p>Platn\u00e9 od: 6. 4. 2025<\/p>\t\t\t\t\t\t\t\t<\/div>\n\t\t\t\t<\/div>\n\t\t\t\t\t<\/div>\n\t\t\t\t<\/div>\n\t\t\t\t<\/div>","protected":false},"excerpt":{"rendered":"<p>Z\u00e1sady ochrany osobn\u00fdch \u00fadajov AMAEN, o.z. Prev\u00e1dzkovate\u013e: AMAEN, o.z., Dem\u00e4novsk\u00e1 1453\/29, 031 01 Liptovsk\u00fd Mikul\u00e1\u0161 \u2013 Pal\u00fadzkaI\u010cO: 54599903 \u00a0 1. Ak\u00e9 \u00fadaje zbierame? V r\u00e1mci registr\u00e1cie na na\u0161e podujatia sprac\u00favame tieto osobn\u00e9 \u00fadaje: Meno a priezvisko Emailov\u00e1 adresa Telef\u00f3nne \u010d\u00edslo Inform\u00e1cie o strave alebo \u0161peci\u00e1lnych po\u017eiadavk\u00e1ch \u00a0 2. Na ak\u00fd \u00fa\u010del \u00fadaje sprac\u00favame? \u00dadaje sprac\u00favame [&hellip;]<\/p>","protected":false},"author":1,"featured_media":0,"parent":0,"menu_order":0,"comment_status":"closed","ping_status":"closed","template":"elementor_canvas","meta":{"footnotes":""},"class_list":["post-231","page","type-page","status-publish","hentry"],"yoast_head":"<!-- This site is optimized with the Yoast SEO plugin v26.4 - https:\/\/yoast.com\/wordpress\/plugins\/seo\/ -->\n<title>Ochrana osobn\u00fdch \u00fadajov - GDPR - 100 mu\u017eov<\/title>\n<meta name=\"robots\" content=\"index, follow, max-snippet:-1, max-image-preview:large, max-video-preview:-1\" \/>\n<link rel=\"canonical\" href=\"https:\/\/www.100muzov.sk\/cs\/gdpr\/\" \/>\n<meta property=\"og:locale\" content=\"cs_CZ\" \/>\n<meta property=\"og:type\" content=\"article\" \/>\n<meta property=\"og:title\" content=\"Ochrana osobn\u00fdch \u00fadajov - GDPR - 100 mu\u017eov\" \/>\n<meta property=\"og:description\" content=\"Z\u00e1sady ochrany osobn\u00fdch \u00fadajov AMAEN, o.z. Prev\u00e1dzkovate\u013e: AMAEN, o.z., Dem\u00e4novsk\u00e1 1453\/29, 031 01 Liptovsk\u00fd Mikul\u00e1\u0161 \u2013 Pal\u00fadzkaI\u010cO: 54599903 \u00a0 1. Ak\u00e9 \u00fadaje zbierame? V r\u00e1mci registr\u00e1cie na na\u0161e podujatia sprac\u00favame tieto osobn\u00e9 \u00fadaje: Meno a priezvisko Emailov\u00e1 adresa Telef\u00f3nne \u010d\u00edslo Inform\u00e1cie o strave alebo \u0161peci\u00e1lnych po\u017eiadavk\u00e1ch \u00a0 2. Na ak\u00fd \u00fa\u010del \u00fadaje sprac\u00favame? \u00dadaje sprac\u00favame [&hellip;]\" \/>\n<meta property=\"og:url\" content=\"https:\/\/www.100muzov.sk\/cs\/gdpr\/\" \/>\n<meta property=\"og:site_name\" content=\"100 mu\u017eov\" \/>\n<meta property=\"article:publisher\" content=\"https:\/\/www.facebook.com\/groups\/1572337069827313\" \/>\n<meta property=\"article:modified_time\" content=\"2025-04-06T21:00:27+00:00\" \/>\n<meta property=\"og:image\" content=\"https:\/\/www.100muzov.sk\/wp-content\/uploads\/2025\/11\/cropped-Featured.jpg\" \/>\n\t<meta property=\"og:image:width\" content=\"532\" \/>\n\t<meta property=\"og:image:height\" content=\"467\" \/>\n\t<meta property=\"og:image:type\" content=\"image\/jpeg\" \/>\n<meta name=\"twitter:card\" content=\"summary_large_image\" \/>\n<meta name=\"twitter:label1\" content=\"Odhadovan\u00e1 doba \u010dten\u00ed\" \/>\n\t<meta name=\"twitter:data1\" content=\"1 minuta\" \/>\n<script type=\"application\/ld+json\" class=\"yoast-schema-graph\">{\"@context\":\"https:\/\/schema.org\",\"@graph\":[{\"@type\":\"WebPage\",\"@id\":\"https:\/\/www.100muzov.sk\/gdpr\/\",\"url\":\"https:\/\/www.100muzov.sk\/gdpr\/\",\"name\":\"Ochrana osobn\u00fdch \u00fadajov - GDPR - 100 mu\u017eov\",\"isPartOf\":{\"@id\":\"https:\/\/www.100muzov.sk\/#website\"},\"datePublished\":\"2025-04-06T20:48:35+00:00\",\"dateModified\":\"2025-04-06T21:00:27+00:00\",\"breadcrumb\":{\"@id\":\"https:\/\/www.100muzov.sk\/gdpr\/#breadcrumb\"},\"inLanguage\":\"cs\",\"potentialAction\":[{\"@type\":\"ReadAction\",\"target\":[\"https:\/\/www.100muzov.sk\/gdpr\/\"]}]},{\"@type\":\"BreadcrumbList\",\"@id\":\"https:\/\/www.100muzov.sk\/gdpr\/#breadcrumb\",\"itemListElement\":[{\"@type\":\"ListItem\",\"position\":1,\"name\":\"Home\",\"item\":\"https:\/\/www.100muzov.sk\/\"},{\"@type\":\"ListItem\",\"position\":2,\"name\":\"Ochrana osobn\u00fdch \u00fadajov &#8211; GDPR\"}]},{\"@type\":\"WebSite\",\"@id\":\"https:\/\/www.100muzov.sk\/#website\",\"url\":\"https:\/\/www.100muzov.sk\/\",\"name\":\"100 mu\u017eov\",\"description\":\"Stretnutie 100 mu\u017eov 2026\",\"publisher\":{\"@id\":\"https:\/\/www.100muzov.sk\/#organization\"},\"alternateName\":\"Stretnutie 100 mu\u017eov 2026\",\"potentialAction\":[{\"@type\":\"SearchAction\",\"target\":{\"@type\":\"EntryPoint\",\"urlTemplate\":\"https:\/\/www.100muzov.sk\/?s={search_term_string}\"},\"query-input\":{\"@type\":\"PropertyValueSpecification\",\"valueRequired\":true,\"valueName\":\"search_term_string\"}}],\"inLanguage\":\"cs\"},{\"@type\":\"Organization\",\"@id\":\"https:\/\/www.100muzov.sk\/#organization\",\"name\":\"Amaen, o.z.\",\"url\":\"https:\/\/www.100muzov.sk\/\",\"logo\":{\"@type\":\"ImageObject\",\"inLanguage\":\"cs\",\"@id\":\"https:\/\/www.100muzov.sk\/#\/schema\/logo\/image\/\",\"url\":\"https:\/\/www.100muzov.sk\/wp-content\/uploads\/2025\/11\/cropped-Featured.jpg\",\"contentUrl\":\"https:\/\/www.100muzov.sk\/wp-content\/uploads\/2025\/11\/cropped-Featured.jpg\",\"width\":532,\"height\":467,\"caption\":\"Amaen, o.z.\"},\"image\":{\"@id\":\"https:\/\/www.100muzov.sk\/#\/schema\/logo\/image\/\"},\"sameAs\":[\"https:\/\/www.facebook.com\/groups\/1572337069827313\"]}]}<\/script>\n<!-- \/ Yoast SEO plugin. -->","yoast_head_json":{"title":"Ochrana osobn\u00fdch \u00fadajov - GDPR - 100 mu\u017eov","robots":{"index":"index","follow":"follow","max-snippet":"max-snippet:-1","max-image-preview":"max-image-preview:large","max-video-preview":"max-video-preview:-1"},"canonical":"https:\/\/www.100muzov.sk\/cs\/gdpr\/","og_locale":"cs_CZ","og_type":"article","og_title":"Ochrana osobn\u00fdch \u00fadajov - GDPR - 100 mu\u017eov","og_description":"Z\u00e1sady ochrany osobn\u00fdch \u00fadajov AMAEN, o.z. Prev\u00e1dzkovate\u013e: AMAEN, o.z., Dem\u00e4novsk\u00e1 1453\/29, 031 01 Liptovsk\u00fd Mikul\u00e1\u0161 \u2013 Pal\u00fadzkaI\u010cO: 54599903 \u00a0 1. Ak\u00e9 \u00fadaje zbierame? V r\u00e1mci registr\u00e1cie na na\u0161e podujatia sprac\u00favame tieto osobn\u00e9 \u00fadaje: Meno a priezvisko Emailov\u00e1 adresa Telef\u00f3nne \u010d\u00edslo Inform\u00e1cie o strave alebo \u0161peci\u00e1lnych po\u017eiadavk\u00e1ch \u00a0 2. Na ak\u00fd \u00fa\u010del \u00fadaje sprac\u00favame? \u00dadaje sprac\u00favame [&hellip;]","og_url":"https:\/\/www.100muzov.sk\/cs\/gdpr\/","og_site_name":"100 mu\u017eov","article_publisher":"https:\/\/www.facebook.com\/groups\/1572337069827313","article_modified_time":"2025-04-06T21:00:27+00:00","og_image":[{"width":532,"height":467,"url":"https:\/\/www.100muzov.sk\/wp-content\/uploads\/2025\/11\/cropped-Featured.jpg","type":"image\/jpeg"}],"twitter_card":"summary_large_image","twitter_misc":{"Odhadovan\u00e1 doba \u010dten\u00ed":"1 minuta"},"schema":{"@context":"https:\/\/schema.org","@graph":[{"@type":"WebPage","@id":"https:\/\/www.100muzov.sk\/gdpr\/","url":"https:\/\/www.100muzov.sk\/gdpr\/","name":"Ochrana osobn\u00fdch \u00fadajov - GDPR - 100 mu\u017eov","isPartOf":{"@id":"https:\/\/www.100muzov.sk\/#website"},"datePublished":"2025-04-06T20:48:35+00:00","dateModified":"2025-04-06T21:00:27+00:00","breadcrumb":{"@id":"https:\/\/www.100muzov.sk\/gdpr\/#breadcrumb"},"inLanguage":"cs","potentialAction":[{"@type":"ReadAction","target":["https:\/\/www.100muzov.sk\/gdpr\/"]}]},{"@type":"BreadcrumbList","@id":"https:\/\/www.100muzov.sk\/gdpr\/#breadcrumb","itemListElement":[{"@type":"ListItem","position":1,"name":"Home","item":"https:\/\/www.100muzov.sk\/"},{"@type":"ListItem","position":2,"name":"Ochrana osobn\u00fdch \u00fadajov &#8211; GDPR"}]},{"@type":"WebSite","@id":"https:\/\/www.100muzov.sk\/#website","url":"https:\/\/www.100muzov.sk\/","name":"100 mu\u017eov","description":"Stretnutie 100 mu\u017eov 2026","publisher":{"@id":"https:\/\/www.100muzov.sk\/#organization"},"alternateName":"Stretnutie 100 mu\u017eov 2026","potentialAction":[{"@type":"SearchAction","target":{"@type":"EntryPoint","urlTemplate":"https:\/\/www.100muzov.sk\/?s={search_term_string}"},"query-input":{"@type":"PropertyValueSpecification","valueRequired":true,"valueName":"search_term_string"}}],"inLanguage":"cs"},{"@type":"Organization","@id":"https:\/\/www.100muzov.sk\/#organization","name":"Amaen, o.z.","url":"https:\/\/www.100muzov.sk\/","logo":{"@type":"ImageObject","inLanguage":"cs","@id":"https:\/\/www.100muzov.sk\/#\/schema\/logo\/image\/","url":"https:\/\/www.100muzov.sk\/wp-content\/uploads\/2025\/11\/cropped-Featured.jpg","contentUrl":"https:\/\/www.100muzov.sk\/wp-content\/uploads\/2025\/11\/cropped-Featured.jpg","width":532,"height":467,"caption":"Amaen, o.z."},"image":{"@id":"https:\/\/www.100muzov.sk\/#\/schema\/logo\/image\/"},"sameAs":["https:\/\/www.facebook.com\/groups\/1572337069827313"]}]}},"_links":{"self":[{"href":"https:\/\/www.100muzov.sk\/cs\/wp-json\/wp\/v2\/pages\/231","targetHints":{"allow":["GET"]}}],"collection":[{"href":"https:\/\/www.100muzov.sk\/cs\/wp-json\/wp\/v2\/pages"}],"about":[{"href":"https:\/\/www.100muzov.sk\/cs\/wp-json\/wp\/v2\/types\/page"}],"author":[{"embeddable":true,"href":"https:\/\/www.100muzov.sk\/cs\/wp-json\/wp\/v2\/users\/1"}],"replies":[{"embeddable":true,"href":"https:\/\/www.100muzov.sk\/cs\/wp-json\/wp\/v2\/comments?post=231"}],"version-history":[{"count":13,"href":"https:\/\/www.100muzov.sk\/cs\/wp-json\/wp\/v2\/pages\/231\/revisions"}],"predecessor-version":[{"id":249,"href":"https:\/\/www.100muzov.sk\/cs\/wp-json\/wp\/v2\/pages\/231\/revisions\/249"}],"wp:attachment":[{"href":"https:\/\/www.100muzov.sk\/cs\/wp-json\/wp\/v2\/media?parent=231"}],"curies":[{"name":"wp","href":"https:\/\/api.w.org\/{rel}","templated":true}]}}