{"id":250,"date":"2025-04-06T21:01:28","date_gmt":"2025-04-06T21:01:28","guid":{"rendered":"https:\/\/www.100muzov.sk\/?page_id=250"},"modified":"2025-04-06T21:03:30","modified_gmt":"2025-04-06T21:03:30","slug":"obchodne-podmienky","status":"publish","type":"page","link":"https:\/\/www.100muzov.sk\/cs\/obchodne-podmienky\/","title":{"rendered":"Obchodn\u00e9 Podmienky"},"content":{"rendered":"<div data-elementor-type=\"wp-page\" data-elementor-id=\"250\" class=\"elementor elementor-250\" data-elementor-post-type=\"page\">\n\t\t\t\t<div class=\"elementor-element elementor-element-1a57590 e-flex e-con-boxed e-con e-parent\" data-id=\"1a57590\" data-element_type=\"container\" data-settings=\"{&quot;background_background&quot;:&quot;classic&quot;,&quot;shape_divider_top&quot;:&quot;mountains&quot;,&quot;shape_divider_bottom&quot;:&quot;mountains&quot;}\">\n\t\t\t\t\t<div class=\"e-con-inner\">\n\t\t\t\t<div class=\"elementor-shape elementor-shape-top\" aria-hidden=\"true\" data-negative=\"false\">\n\t\t\t<svg xmlns=\"http:\/\/www.w3.org\/2000\/svg\" viewbox=\"0 0 1000 100\" preserveaspectratio=\"none\">\n\t<path class=\"elementor-shape-fill\" opacity=\"0.33\" d=\"M473,67.3c-203.9,88.3-263.1-34-320.3,0C66,119.1,0,59.7,0,59.7V0h1000v59.7 c0,0-62.1,26.1-94.9,29.3c-32.8,3.3-62.8-12.3-75.8-22.1C806,49.6,745.3,8.7,694.9,4.7S492.4,59,473,67.3z\"\/>\n\t<path class=\"elementor-shape-fill\" opacity=\"0.66\" d=\"M734,67.3c-45.5,0-77.2-23.2-129.1-39.1c-28.6-8.7-150.3-10.1-254,39.1 s-91.7-34.4-149.2,0C115.7,118.3,0,39.8,0,39.8V0h1000v36.5c0,0-28.2-18.5-92.1-18.5C810.2,18.1,775.7,67.3,734,67.3z\"\/>\n\t<path class=\"elementor-shape-fill\" d=\"M766.1,28.9c-200-57.5-266,65.5-395.1,19.5C242,1.8,242,5.4,184.8,20.6C128,35.8,132.3,44.9,89.9,52.5C28.6,63.7,0,0,0,0 h1000c0,0-9.9,40.9-83.6,48.1S829.6,47,766.1,28.9z\"\/>\n<\/svg>\t\t<\/div>\n\t\t\t\t<div class=\"elementor-shape elementor-shape-bottom\" aria-hidden=\"true\" data-negative=\"false\">\n\t\t\t<svg xmlns=\"http:\/\/www.w3.org\/2000\/svg\" viewbox=\"0 0 1000 100\" preserveaspectratio=\"none\">\n\t<path class=\"elementor-shape-fill\" opacity=\"0.33\" d=\"M473,67.3c-203.9,88.3-263.1-34-320.3,0C66,119.1,0,59.7,0,59.7V0h1000v59.7 c0,0-62.1,26.1-94.9,29.3c-32.8,3.3-62.8-12.3-75.8-22.1C806,49.6,745.3,8.7,694.9,4.7S492.4,59,473,67.3z\"\/>\n\t<path class=\"elementor-shape-fill\" opacity=\"0.66\" d=\"M734,67.3c-45.5,0-77.2-23.2-129.1-39.1c-28.6-8.7-150.3-10.1-254,39.1 s-91.7-34.4-149.2,0C115.7,118.3,0,39.8,0,39.8V0h1000v36.5c0,0-28.2-18.5-92.1-18.5C810.2,18.1,775.7,67.3,734,67.3z\"\/>\n\t<path class=\"elementor-shape-fill\" d=\"M766.1,28.9c-200-57.5-266,65.5-395.1,19.5C242,1.8,242,5.4,184.8,20.6C128,35.8,132.3,44.9,89.9,52.5C28.6,63.7,0,0,0,0 h1000c0,0-9.9,40.9-83.6,48.1S829.6,47,766.1,28.9z\"\/>\n<\/svg>\t\t<\/div>\n\t\t\t\t<div class=\"elementor-element elementor-element-0824f50 animated-fast elementor-invisible elementor-widget elementor-widget-heading\" data-id=\"0824f50\" data-element_type=\"widget\" data-settings=\"{&quot;_animation&quot;:&quot;fadeInUp&quot;}\" data-widget_type=\"heading.default\">\n\t\t\t\t<div class=\"elementor-widget-container\">\n\t\t\t\t\t<h2 class=\"elementor-heading-title elementor-size-default\">Obchodn\u00ed podm\u00ednky AMAEN, o.z.<\/h2>\t\t\t\t<\/div>\n\t\t\t\t<\/div>\n\t\t\t\t<div class=\"elementor-element elementor-element-af21ed7 elementor-widget-divider--view-line_icon animated-fast elementor-view-default elementor-widget-divider--element-align-center elementor-invisible elementor-widget elementor-widget-divider\" data-id=\"af21ed7\" data-element_type=\"widget\" data-settings=\"{&quot;_animation&quot;:&quot;fadeInRight&quot;}\" data-widget_type=\"divider.default\">\n\t\t\t\t<div class=\"elementor-widget-container\">\n\t\t\t\t\t\t\t<div class=\"elementor-divider\">\n\t\t\t<span class=\"elementor-divider-separator\">\n\t\t\t\t\t\t\t<div class=\"elementor-icon elementor-divider__element\">\n\t\t\t\t\t<svg aria-hidden=\"true\" class=\"e-font-icon-svg e-fas-sun\" viewbox=\"0 0 512 512\" xmlns=\"http:\/\/www.w3.org\/2000\/svg\"><path d=\"M256 160c-52.9 0-96 43.1-96 96s43.1 96 96 96 96-43.1 96-96-43.1-96-96-96zm246.4 80.5l-94.7-47.3 33.5-100.4c4.5-13.6-8.4-26.5-21.9-21.9l-100.4 33.5-47.4-94.8c-6.4-12.8-24.6-12.8-31 0l-47.3 94.7L92.7 70.8c-13.6-4.5-26.5 8.4-21.9 21.9l33.5 100.4-94.7 47.4c-12.8 6.4-12.8 24.6 0 31l94.7 47.3-33.5 100.5c-4.5 13.6 8.4 26.5 21.9 21.9l100.4-33.5 47.3 94.7c6.4 12.8 24.6 12.8 31 0l47.3-94.7 100.4 33.5c13.6 4.5 26.5-8.4 21.9-21.9l-33.5-100.4 94.7-47.3c13-6.5 13-24.7.2-31.1zm-155.9 106c-49.9 49.9-131.1 49.9-181 0-49.9-49.9-49.9-131.1 0-181 49.9-49.9 131.1-49.9 181 0 49.9 49.9 49.9 131.1 0 181z\"><\/path><\/svg><\/div>\n\t\t\t\t\t\t<\/span>\n\t\t<\/div>\n\t\t\t\t\t\t<\/div>\n\t\t\t\t<\/div>\n\t\t\t\t<div class=\"elementor-element elementor-element-1823e6d elementor-invisible elementor-widget elementor-widget-text-editor\" data-id=\"1823e6d\" data-element_type=\"widget\" data-settings=\"{&quot;_animation&quot;:&quot;fadeIn&quot;}\" data-widget_type=\"text-editor.default\">\n\t\t\t\t<div class=\"elementor-widget-container\">\n\t\t\t\t\t\t\t\t\t<p><strong>Provozovatel:<\/strong> AMAEN, o.z., Dem\u00e4novsk\u00e1 1453\/29, 031 01 Liptovsk\u00fd Mikul\u00e1\u0161 \u2013 Pal\u00fadzka<br \/>I\u010cO: 54599903<\/p><p>\u00a0<\/p><h2>1. V\u0161eobecn\u00e1 ustanoven\u00ed<\/h2><p>Tyto obchodn\u00ed podm\u00ednky upravuj\u00ed vztah mezi n\u00e1mi \u2013 AMAEN, o.z. \u2013 a tebou jako \u00fa\u010dastn\u00edkem na\u0161ich akc\u00ed, zejm\u00e9na retreat\u016f zam\u011b\u0159en\u00fdch na mu\u017esk\u00fd seberozvoj.\u200b<\/p><p>\u00a0<\/p><h2>2. Registrace a platba<\/h2><p>Registrace na na\u0161i akci prob\u00edh\u00e1 prost\u0159ednictv\u00edm online registra\u010dn\u00edho formul\u00e1\u0159e. Po jeho odesl\u00e1n\u00ed ti za\u0161leme e-mail s platebn\u00edmi \u00fadaji. M\u00edsto na akci m\u00e1\u0161 rezervovan\u00e9 a\u017e po p\u0159ijet\u00ed tv\u00e9 platby na n\u00e1\u0161 \u00fa\u010det:<\/p><p><strong>IBAN:<\/strong> SK34 8330 0000 0023 0229 3899<br \/><strong>Banka:<\/strong> Fio banka<\/p><p>Platbu m\u016f\u017ee\u0161 uhradit bu\u010f celou, nebo jen ve form\u011b z\u00e1lohy, pokud to dan\u00e1 akce umo\u017e\u0148uje.<\/p><p>\u00a0<\/p><h2>3. Storno podm\u00ednky<\/h2><ul><li>Zru\u0161en\u00ed \u00fa\u010dasti v\u00edce ne\u017e 30 dn\u00ed p\u0159ed akc\u00ed: vr\u00e1t\u00edme ti celou zaplacenou \u010d\u00e1stku.<\/li><li>Zru\u0161en\u00ed 14\u201330 dn\u00ed p\u0159ed akc\u00ed: vr\u00e1t\u00edme ti 50 % z celkov\u00e9 \u010d\u00e1stky. Pokud jsi platil pouze z\u00e1lohu, ta se nevrac\u00ed.<\/li><li>Zru\u0161en\u00ed m\u00e9n\u011b ne\u017e 14 dn\u00ed p\u0159ed akc\u00ed: platba se nevrac\u00ed.<\/li><\/ul><p>\u00a0<\/p><p>Ve zd\u016fvodn\u011bn\u00fdch p\u0159\u00edpadech m\u016f\u017eeme \u2013 po dohod\u011b \u2013 umo\u017enit p\u0159esun tv\u00e9 \u00fa\u010dasti na jinou osobu, term\u00edn nebo akci. Nen\u00ed to v\u0161ak n\u00e1rokovateln\u00e9 a rozhodujeme o tom individu\u00e1ln\u011b.<\/p><p>\u00a0<\/p><h2>4. Podm\u00ednky \u00fa\u010dasti<\/h2><ul><li>Na akce se mohou p\u0159ihl\u00e1sit pouze osoby star\u0161\u00ed 18 let.<\/li><li>\u00da\u010dastn\u00edk mus\u00ed b\u00fdt fyzicky i psychicky zdrav\u00fd. Nenab\u00edz\u00edme terapeutick\u00e9 slu\u017eby, ale z\u00e1\u017eitkov\u00e9 programy.<\/li><li>\u00da\u010dast je na vlastn\u00ed riziko. Neodpov\u00edd\u00e1me za zdravotn\u00ed stav \u00fa\u010dastn\u00edk\u016f.<\/li><\/ul><p>\u00a0<\/p><h2>5. Z\u00e1v\u011bre\u010dn\u00e1 ustanoven\u00ed<\/h2><p>Odesl\u00e1n\u00edm registra\u010dn\u00edho formul\u00e1\u0159e a \u00fahradou platby potvrzuje\u0161, \u017ee jsi tyto podm\u00ednky p\u0159e\u010detl(a) a souhlas\u00ed\u0161 s nimi.<\/p><p>V p\u0159\u00edpad\u011b ot\u00e1zek nebo nejasnost\u00ed n\u00e1s kontaktuj na <a href=\"mailto:info@amaen.org\">info@amaen.org<\/a>.<\/p><p>Platn\u00e9 od: 6. 4. 2025<\/p>\t\t\t\t\t\t\t\t<\/div>\n\t\t\t\t<\/div>\n\t\t\t\t\t<\/div>\n\t\t\t\t<\/div>\n\t\t\t\t<\/div>","protected":false},"excerpt":{"rendered":"<p>Obchodn\u00e9 podmienky AMAEN, o.z. Prev\u00e1dzkovate\u013e: AMAEN, o.z., Dem\u00e4novsk\u00e1 1453\/29, 031 01 Liptovsk\u00fd Mikul\u00e1\u0161 \u2013 Pal\u00fadzkaI\u010cO: 54599903 \u00a0 1. V\u0161eobecn\u00e9 ustanovenia Tieto obchodn\u00e9 podmienky upravuj\u00fa vz\u0165ah medzi nami \u2013 AMAEN, o.z. \u2013 a tebou ako \u00fa\u010dastn\u00edkom na\u0161ich podujat\u00ed, najm\u00e4 retreatov zameran\u00fdch na mu\u017esk\u00fd sebarozvoj. \u00a0 2. Registr\u00e1cia a platba Registr\u00e1cia na na\u0161e podujatie prebieha cez online [&hellip;]<\/p>","protected":false},"author":1,"featured_media":0,"parent":0,"menu_order":0,"comment_status":"closed","ping_status":"closed","template":"elementor_canvas","meta":{"footnotes":""},"class_list":["post-250","page","type-page","status-publish","hentry"],"yoast_head":"<!-- This site is optimized with the Yoast SEO plugin v26.4 - https:\/\/yoast.com\/wordpress\/plugins\/seo\/ -->\n<title>Obchodn\u00e9 Podmienky - 100 mu\u017eov<\/title>\n<meta name=\"robots\" content=\"index, follow, max-snippet:-1, max-image-preview:large, max-video-preview:-1\" \/>\n<link rel=\"canonical\" href=\"https:\/\/www.100muzov.sk\/cs\/obchodne-podmienky\/\" \/>\n<meta property=\"og:locale\" content=\"cs_CZ\" \/>\n<meta property=\"og:type\" content=\"article\" \/>\n<meta property=\"og:title\" content=\"Obchodn\u00e9 Podmienky - 100 mu\u017eov\" \/>\n<meta property=\"og:description\" content=\"Obchodn\u00e9 podmienky AMAEN, o.z. Prev\u00e1dzkovate\u013e: AMAEN, o.z., Dem\u00e4novsk\u00e1 1453\/29, 031 01 Liptovsk\u00fd Mikul\u00e1\u0161 \u2013 Pal\u00fadzkaI\u010cO: 54599903 \u00a0 1. V\u0161eobecn\u00e9 ustanovenia Tieto obchodn\u00e9 podmienky upravuj\u00fa vz\u0165ah medzi nami \u2013 AMAEN, o.z. \u2013 a tebou ako \u00fa\u010dastn\u00edkom na\u0161ich podujat\u00ed, najm\u00e4 retreatov zameran\u00fdch na mu\u017esk\u00fd sebarozvoj. \u00a0 2. Registr\u00e1cia a platba Registr\u00e1cia na na\u0161e podujatie prebieha cez online [&hellip;]\" \/>\n<meta property=\"og:url\" content=\"https:\/\/www.100muzov.sk\/cs\/obchodne-podmienky\/\" \/>\n<meta property=\"og:site_name\" content=\"100 mu\u017eov\" \/>\n<meta property=\"article:publisher\" content=\"https:\/\/www.facebook.com\/groups\/1572337069827313\" \/>\n<meta property=\"article:modified_time\" content=\"2025-04-06T21:03:30+00:00\" \/>\n<meta property=\"og:image\" content=\"https:\/\/www.100muzov.sk\/wp-content\/uploads\/2025\/11\/cropped-Featured.jpg\" \/>\n\t<meta property=\"og:image:width\" content=\"532\" \/>\n\t<meta property=\"og:image:height\" content=\"467\" \/>\n\t<meta property=\"og:image:type\" content=\"image\/jpeg\" \/>\n<meta name=\"twitter:card\" content=\"summary_large_image\" \/>\n<meta name=\"twitter:label1\" content=\"Odhadovan\u00e1 doba \u010dten\u00ed\" \/>\n\t<meta name=\"twitter:data1\" content=\"2 minuty\" \/>\n<script type=\"application\/ld+json\" class=\"yoast-schema-graph\">{\"@context\":\"https:\/\/schema.org\",\"@graph\":[{\"@type\":\"WebPage\",\"@id\":\"https:\/\/www.100muzov.sk\/obchodne-podmienky\/\",\"url\":\"https:\/\/www.100muzov.sk\/obchodne-podmienky\/\",\"name\":\"Obchodn\u00e9 Podmienky - 100 mu\u017eov\",\"isPartOf\":{\"@id\":\"https:\/\/www.100muzov.sk\/#website\"},\"datePublished\":\"2025-04-06T21:01:28+00:00\",\"dateModified\":\"2025-04-06T21:03:30+00:00\",\"breadcrumb\":{\"@id\":\"https:\/\/www.100muzov.sk\/obchodne-podmienky\/#breadcrumb\"},\"inLanguage\":\"cs\",\"potentialAction\":[{\"@type\":\"ReadAction\",\"target\":[\"https:\/\/www.100muzov.sk\/obchodne-podmienky\/\"]}]},{\"@type\":\"BreadcrumbList\",\"@id\":\"https:\/\/www.100muzov.sk\/obchodne-podmienky\/#breadcrumb\",\"itemListElement\":[{\"@type\":\"ListItem\",\"position\":1,\"name\":\"Home\",\"item\":\"https:\/\/www.100muzov.sk\/\"},{\"@type\":\"ListItem\",\"position\":2,\"name\":\"Obchodn\u00e9 Podmienky\"}]},{\"@type\":\"WebSite\",\"@id\":\"https:\/\/www.100muzov.sk\/#website\",\"url\":\"https:\/\/www.100muzov.sk\/\",\"name\":\"100 mu\u017eov\",\"description\":\"Stretnutie 100 mu\u017eov 2026\",\"publisher\":{\"@id\":\"https:\/\/www.100muzov.sk\/#organization\"},\"alternateName\":\"Stretnutie 100 mu\u017eov 2026\",\"potentialAction\":[{\"@type\":\"SearchAction\",\"target\":{\"@type\":\"EntryPoint\",\"urlTemplate\":\"https:\/\/www.100muzov.sk\/?s={search_term_string}\"},\"query-input\":{\"@type\":\"PropertyValueSpecification\",\"valueRequired\":true,\"valueName\":\"search_term_string\"}}],\"inLanguage\":\"cs\"},{\"@type\":\"Organization\",\"@id\":\"https:\/\/www.100muzov.sk\/#organization\",\"name\":\"Amaen, o.z.\",\"url\":\"https:\/\/www.100muzov.sk\/\",\"logo\":{\"@type\":\"ImageObject\",\"inLanguage\":\"cs\",\"@id\":\"https:\/\/www.100muzov.sk\/#\/schema\/logo\/image\/\",\"url\":\"https:\/\/www.100muzov.sk\/wp-content\/uploads\/2025\/11\/cropped-Featured.jpg\",\"contentUrl\":\"https:\/\/www.100muzov.sk\/wp-content\/uploads\/2025\/11\/cropped-Featured.jpg\",\"width\":532,\"height\":467,\"caption\":\"Amaen, o.z.\"},\"image\":{\"@id\":\"https:\/\/www.100muzov.sk\/#\/schema\/logo\/image\/\"},\"sameAs\":[\"https:\/\/www.facebook.com\/groups\/1572337069827313\"]}]}<\/script>\n<!-- \/ Yoast SEO plugin. -->","yoast_head_json":{"title":"Obchodn\u00e9 Podmienky - 100 mu\u017eov","robots":{"index":"index","follow":"follow","max-snippet":"max-snippet:-1","max-image-preview":"max-image-preview:large","max-video-preview":"max-video-preview:-1"},"canonical":"https:\/\/www.100muzov.sk\/cs\/obchodne-podmienky\/","og_locale":"cs_CZ","og_type":"article","og_title":"Obchodn\u00e9 Podmienky - 100 mu\u017eov","og_description":"Obchodn\u00e9 podmienky AMAEN, o.z. Prev\u00e1dzkovate\u013e: AMAEN, o.z., Dem\u00e4novsk\u00e1 1453\/29, 031 01 Liptovsk\u00fd Mikul\u00e1\u0161 \u2013 Pal\u00fadzkaI\u010cO: 54599903 \u00a0 1. V\u0161eobecn\u00e9 ustanovenia Tieto obchodn\u00e9 podmienky upravuj\u00fa vz\u0165ah medzi nami \u2013 AMAEN, o.z. \u2013 a tebou ako \u00fa\u010dastn\u00edkom na\u0161ich podujat\u00ed, najm\u00e4 retreatov zameran\u00fdch na mu\u017esk\u00fd sebarozvoj. \u00a0 2. Registr\u00e1cia a platba Registr\u00e1cia na na\u0161e podujatie prebieha cez online [&hellip;]","og_url":"https:\/\/www.100muzov.sk\/cs\/obchodne-podmienky\/","og_site_name":"100 mu\u017eov","article_publisher":"https:\/\/www.facebook.com\/groups\/1572337069827313","article_modified_time":"2025-04-06T21:03:30+00:00","og_image":[{"width":532,"height":467,"url":"https:\/\/www.100muzov.sk\/wp-content\/uploads\/2025\/11\/cropped-Featured.jpg","type":"image\/jpeg"}],"twitter_card":"summary_large_image","twitter_misc":{"Odhadovan\u00e1 doba \u010dten\u00ed":"2 minuty"},"schema":{"@context":"https:\/\/schema.org","@graph":[{"@type":"WebPage","@id":"https:\/\/www.100muzov.sk\/obchodne-podmienky\/","url":"https:\/\/www.100muzov.sk\/obchodne-podmienky\/","name":"Obchodn\u00e9 Podmienky - 100 mu\u017eov","isPartOf":{"@id":"https:\/\/www.100muzov.sk\/#website"},"datePublished":"2025-04-06T21:01:28+00:00","dateModified":"2025-04-06T21:03:30+00:00","breadcrumb":{"@id":"https:\/\/www.100muzov.sk\/obchodne-podmienky\/#breadcrumb"},"inLanguage":"cs","potentialAction":[{"@type":"ReadAction","target":["https:\/\/www.100muzov.sk\/obchodne-podmienky\/"]}]},{"@type":"BreadcrumbList","@id":"https:\/\/www.100muzov.sk\/obchodne-podmienky\/#breadcrumb","itemListElement":[{"@type":"ListItem","position":1,"name":"Home","item":"https:\/\/www.100muzov.sk\/"},{"@type":"ListItem","position":2,"name":"Obchodn\u00e9 Podmienky"}]},{"@type":"WebSite","@id":"https:\/\/www.100muzov.sk\/#website","url":"https:\/\/www.100muzov.sk\/","name":"100 mu\u017eov","description":"Stretnutie 100 mu\u017eov 2026","publisher":{"@id":"https:\/\/www.100muzov.sk\/#organization"},"alternateName":"Stretnutie 100 mu\u017eov 2026","potentialAction":[{"@type":"SearchAction","target":{"@type":"EntryPoint","urlTemplate":"https:\/\/www.100muzov.sk\/?s={search_term_string}"},"query-input":{"@type":"PropertyValueSpecification","valueRequired":true,"valueName":"search_term_string"}}],"inLanguage":"cs"},{"@type":"Organization","@id":"https:\/\/www.100muzov.sk\/#organization","name":"Amaen, o.z.","url":"https:\/\/www.100muzov.sk\/","logo":{"@type":"ImageObject","inLanguage":"cs","@id":"https:\/\/www.100muzov.sk\/#\/schema\/logo\/image\/","url":"https:\/\/www.100muzov.sk\/wp-content\/uploads\/2025\/11\/cropped-Featured.jpg","contentUrl":"https:\/\/www.100muzov.sk\/wp-content\/uploads\/2025\/11\/cropped-Featured.jpg","width":532,"height":467,"caption":"Amaen, o.z."},"image":{"@id":"https:\/\/www.100muzov.sk\/#\/schema\/logo\/image\/"},"sameAs":["https:\/\/www.facebook.com\/groups\/1572337069827313"]}]}},"_links":{"self":[{"href":"https:\/\/www.100muzov.sk\/cs\/wp-json\/wp\/v2\/pages\/250","targetHints":{"allow":["GET"]}}],"collection":[{"href":"https:\/\/www.100muzov.sk\/cs\/wp-json\/wp\/v2\/pages"}],"about":[{"href":"https:\/\/www.100muzov.sk\/cs\/wp-json\/wp\/v2\/types\/page"}],"author":[{"embeddable":true,"href":"https:\/\/www.100muzov.sk\/cs\/wp-json\/wp\/v2\/users\/1"}],"replies":[{"embeddable":true,"href":"https:\/\/www.100muzov.sk\/cs\/wp-json\/wp\/v2\/comments?post=250"}],"version-history":[{"count":4,"href":"https:\/\/www.100muzov.sk\/cs\/wp-json\/wp\/v2\/pages\/250\/revisions"}],"predecessor-version":[{"id":254,"href":"https:\/\/www.100muzov.sk\/cs\/wp-json\/wp\/v2\/pages\/250\/revisions\/254"}],"wp:attachment":[{"href":"https:\/\/www.100muzov.sk\/cs\/wp-json\/wp\/v2\/media?parent=250"}],"curies":[{"name":"wp","href":"https:\/\/api.w.org\/{rel}","templated":true}]}}