{"id":460,"date":"2025-11-21T19:03:10","date_gmt":"2025-11-21T19:03:10","guid":{"rendered":"https:\/\/www.100muzov.sk\/?page_id=460"},"modified":"2026-01-12T07:22:33","modified_gmt":"2026-01-12T07:22:33","slug":"registracia","status":"publish","type":"page","link":"https:\/\/www.100muzov.sk\/cs\/registracia\/","title":{"rendered":"Registr\u00e1cia na 100 mu\u017eov 2026"},"content":{"rendered":"<div data-elementor-type=\"wp-page\" data-elementor-id=\"460\" class=\"elementor elementor-460\" data-elementor-post-type=\"page\">\n\t\t\t\t<div class=\"elementor-element elementor-element-3bb0d93 e-flex e-con-boxed e-con e-parent\" data-id=\"3bb0d93\" data-element_type=\"container\" data-settings=\"{&quot;background_background&quot;:&quot;classic&quot;}\">\n\t\t\t\t\t<div class=\"e-con-inner\">\n\t\t<div class=\"elementor-element elementor-element-79c468c e-con-full e-flex e-con e-child\" data-id=\"79c468c\" data-element_type=\"container\">\n\t\t\t\t<div class=\"elementor-element elementor-element-fb026ee elementor-invisible elementor-widget elementor-widget-heading\" data-id=\"fb026ee\" data-element_type=\"widget\" data-settings=\"{&quot;_animation&quot;:&quot;fadeIn&quot;}\" data-widget_type=\"heading.default\">\n\t\t\t\t<div class=\"elementor-widget-container\">\n\t\t\t\t\t<h2 class=\"elementor-heading-title elementor-size-default\">Registrace na<\/h2>\t\t\t\t<\/div>\n\t\t\t\t<\/div>\n\t\t\t\t<div class=\"elementor-element elementor-element-c61784b elementor-invisible elementor-widget elementor-widget-heading\" data-id=\"c61784b\" data-element_type=\"widget\" data-settings=\"{&quot;_animation&quot;:&quot;fadeIn&quot;,&quot;_animation_delay&quot;:100}\" data-widget_type=\"heading.default\">\n\t\t\t\t<div class=\"elementor-widget-container\">\n\t\t\t\t\t<h2 class=\"elementor-heading-title elementor-size-default\">100 MU\u017dOV 2026<\/h2>\t\t\t\t<\/div>\n\t\t\t\t<\/div>\n\t\t<div class=\"elementor-element elementor-element-483ca8d e-con-full animated-fast e-flex elementor-invisible e-con e-child\" data-id=\"483ca8d\" data-element_type=\"container\" data-settings=\"{&quot;animation&quot;:&quot;fadeInDown&quot;}\">\n\t\t\t\t<div class=\"elementor-element elementor-element-6edd75c elementor-widget__width-initial elementor-widget elementor-widget-text-editor\" data-id=\"6edd75c\" data-element_type=\"widget\" data-widget_type=\"text-editor.default\">\n\t\t\t\t<div class=\"elementor-widget-container\">\n\t\t\t\t\t\t\t\t\t<p>9-12.7.2026<br \/>Trimurti, Vojt\u011bchov<\/p>\t\t\t\t\t\t\t\t<\/div>\n\t\t\t\t<\/div>\n\t\t\t\t<div class=\"elementor-element elementor-element-1f0d7aa elementor-widget__width-initial elementor-widget elementor-widget-text-editor\" data-id=\"1f0d7aa\" data-element_type=\"widget\" data-widget_type=\"text-editor.default\">\n\t\t\t\t<div class=\"elementor-widget-container\">\n\t\t\t\t\t\t\t\t\t<p>\u20ac490<\/p>\t\t\t\t\t\t\t\t<\/div>\n\t\t\t\t<\/div>\n\t\t\t\t<\/div>\n\t\t<div class=\"elementor-element elementor-element-93f9766 e-con-full animated-fast e-flex elementor-invisible e-con e-child\" data-id=\"93f9766\" data-element_type=\"container\" data-settings=\"{&quot;animation&quot;:&quot;fadeInDown&quot;,&quot;background_background&quot;:&quot;classic&quot;}\">\n\t\t\t\t<div class=\"elementor-element elementor-element-a96966d elementor-widget elementor-widget-text-editor\" data-id=\"a96966d\" data-element_type=\"widget\" data-widget_type=\"text-editor.default\">\n\t\t\t\t<div class=\"elementor-widget-container\">\n\t\t\t\t\t\t\t\t\t<p><b>Cena pre prv\u00fdch 20 chlapov. <br \/><\/b>\u010eal\u0161ia vlna: \u20ac540<\/p>\t\t\t\t\t\t\t\t<\/div>\n\t\t\t\t<\/div>\n\t\t\t\t<\/div>\n\t\t<div class=\"elementor-element elementor-element-cfcd221 e-con-full animated-fast e-flex elementor-invisible e-con e-child\" data-id=\"cfcd221\" data-element_type=\"container\" data-settings=\"{&quot;animation&quot;:&quot;fadeInDown&quot;}\">\n\t\t\t\t<div class=\"elementor-element elementor-element-f8c18f7 elementor-widget elementor-widget-text-editor\" data-id=\"f8c18f7\" data-element_type=\"widget\" data-widget_type=\"text-editor.default\">\n\t\t\t\t<div class=\"elementor-widget-container\">\n\t\t\t\t\t\t\t\t\t<p><strong>Cena zah\u0155\u0148a<\/strong><\/p><ul><li><strong>\u20ac240 &#8211; <\/strong>ubytovanie 3 noci, pln\u00e1 penzia (vegetari\u00e1nska strava)<\/li><li><strong>\u20ac250 &#8211; <\/strong>program, lektori, oraniz\u00e1cia<\/li><\/ul>\t\t\t\t\t\t\t\t<\/div>\n\t\t\t\t<\/div>\n\t\t\t\t<\/div>\n\t\t\t\t<div class=\"elementor-element elementor-element-ede2588 elementor-widget-divider--view-line_icon animated-fast elementor-view-default elementor-widget-divider--element-align-center elementor-invisible elementor-widget elementor-widget-divider\" data-id=\"ede2588\" data-element_type=\"widget\" data-settings=\"{&quot;_animation&quot;:&quot;fadeInRight&quot;}\" data-widget_type=\"divider.default\">\n\t\t\t\t<div class=\"elementor-widget-container\">\n\t\t\t\t\t\t\t<div class=\"elementor-divider\">\n\t\t\t<span class=\"elementor-divider-separator\">\n\t\t\t\t\t\t\t<div class=\"elementor-icon elementor-divider__element\">\n\t\t\t\t\t<svg aria-hidden=\"true\" class=\"e-font-icon-svg e-fas-sun\" viewbox=\"0 0 512 512\" xmlns=\"http:\/\/www.w3.org\/2000\/svg\"><path d=\"M256 160c-52.9 0-96 43.1-96 96s43.1 96 96 96 96-43.1 96-96-43.1-96-96-96zm246.4 80.5l-94.7-47.3 33.5-100.4c4.5-13.6-8.4-26.5-21.9-21.9l-100.4 33.5-47.4-94.8c-6.4-12.8-24.6-12.8-31 0l-47.3 94.7L92.7 70.8c-13.6-4.5-26.5 8.4-21.9 21.9l33.5 100.4-94.7 47.4c-12.8 6.4-12.8 24.6 0 31l94.7 47.3-33.5 100.5c-4.5 13.6 8.4 26.5 21.9 21.9l100.4-33.5 47.3 94.7c6.4 12.8 24.6 12.8 31 0l47.3-94.7 100.4 33.5c13.6 4.5 26.5-8.4 21.9-21.9l-33.5-100.4 94.7-47.3c13-6.5 13-24.7.2-31.1zm-155.9 106c-49.9 49.9-131.1 49.9-181 0-49.9-49.9-49.9-131.1 0-181 49.9-49.9 131.1-49.9 181 0 49.9 49.9 49.9 131.1 0 181z\"><\/path><\/svg><\/div>\n\t\t\t\t\t\t<\/span>\n\t\t<\/div>\n\t\t\t\t\t\t<\/div>\n\t\t\t\t<\/div>\n\t\t\t\t<div class=\"elementor-element elementor-element-dc47967 elementor-invisible elementor-widget elementor-widget-heading\" data-id=\"dc47967\" data-element_type=\"widget\" data-settings=\"{&quot;_animation&quot;:&quot;fadeIn&quot;}\" data-widget_type=\"heading.default\">\n\t\t\t\t<div class=\"elementor-widget-container\">\n\t\t\t\t\t<h2 class=\"elementor-heading-title elementor-size-default\">Registruj sa<\/h2>\t\t\t\t<\/div>\n\t\t\t\t<\/div>\n\t\t\t\t<div class=\"elementor-element elementor-element-3aed697 elementor-button-align-center elementor-invisible elementor-widget elementor-widget-form\" data-id=\"3aed697\" data-element_type=\"widget\" data-settings=\"{&quot;step_next_label&quot;:&quot;Next&quot;,&quot;step_previous_label&quot;:&quot;Previous&quot;,&quot;_animation&quot;:&quot;fadeIn&quot;,&quot;button_width&quot;:&quot;100&quot;,&quot;step_type&quot;:&quot;number_text&quot;,&quot;step_icon_shape&quot;:&quot;circle&quot;}\" data-widget_type=\"form.default\">\n\t\t\t\t<div class=\"elementor-widget-container\">\n\t\t\t\t\t\t\t<form class=\"elementor-form\" method=\"post\" id=\"Frm100M26\" name=\"Form 100M26\" aria-label=\"Form 100M26\" action=\"\">\n\t\t\t<input type=\"hidden\" name=\"post_id\" value=\"460\"\/>\n\t\t\t<input type=\"hidden\" name=\"form_id\" value=\"3aed697\"\/>\n\t\t\t<input type=\"hidden\" name=\"referer_title\" value=\"100 mu\u017eov\" \/>\n\n\t\t\t\n\t\t\t<div class=\"elementor-form-fields-wrapper elementor-labels-above\">\n\t\t\t\t\t\t\t\t<div class=\"elementor-field-type-text elementor-field-group elementor-column elementor-field-group-name elementor-col-100 elementor-field-required elementor-mark-required\">\n\t\t\t\t\t\t\t\t\t\t\t\t<label for=\"form-field-name\" class=\"elementor-field-label\">\n\t\t\t\t\t\t\t\tJm\u00e9no a p\u0159\u00edjmen\u00ed\t\t\t\t\t\t\t<\/label>\n\t\t\t\t\t\t\t\t\t\t\t\t\t\t<input size=\"1\" type=\"text\" name=\"form_fields[name]\" id=\"form-field-name\" class=\"elementor-field elementor-size-sm  elementor-field-textual\" required=\"required\">\n\t\t\t\t\t\t\t\t\t\t\t<\/div>\n\t\t\t\t\t\t\t\t<div class=\"elementor-field-type-email elementor-field-group elementor-column elementor-field-group-email elementor-col-100 elementor-field-required elementor-mark-required\">\n\t\t\t\t\t\t\t\t\t\t\t\t<label for=\"form-field-email\" class=\"elementor-field-label\">\n\t\t\t\t\t\t\t\tEmail\t\t\t\t\t\t\t<\/label>\n\t\t\t\t\t\t\t\t\t\t\t\t\t\t<input size=\"1\" type=\"email\" name=\"form_fields[email]\" id=\"form-field-email\" class=\"elementor-field elementor-size-sm  elementor-field-textual\" required=\"required\">\n\t\t\t\t\t\t\t\t\t\t\t<\/div>\n\t\t\t\t\t\t\t\t<div class=\"elementor-field-type-tel elementor-field-group elementor-column elementor-field-group-phone elementor-col-100 elementor-field-required elementor-mark-required\">\n\t\t\t\t\t\t\t\t\t\t\t\t<label for=\"form-field-phone\" class=\"elementor-field-label\">\n\t\t\t\t\t\t\t\tTelefon\t\t\t\t\t\t\t<\/label>\n\t\t\t\t\t\t\t\t<input size=\"1\" type=\"tel\" name=\"form_fields[phone]\" id=\"form-field-phone\" class=\"elementor-field elementor-size-sm  elementor-field-textual\" required=\"required\" pattern=\"[0-9()#&amp;+*-=.]+\" title=\"Only numbers and phone characters (#, -, *, etc) are accepted.\">\n\n\t\t\t\t\t\t<\/div>\n\t\t\t\t\t\t\t\t<div class=\"elementor-field-type-select elementor-field-group elementor-column elementor-field-group-tribe elementor-col-100 elementor-field-required elementor-mark-required\">\n\t\t\t\t\t\t\t\t\t\t\t\t<label for=\"form-field-tribe\" class=\"elementor-field-label\">\n\t\t\t\t\t\t\t\tAko si sa o n\u00e1s dozvedel\t\t\t\t\t\t\t<\/label>\n\t\t\t\t\t\t\t\t<div class=\"elementor-field elementor-select-wrapper remove-before\">\n\t\t\t<div class=\"select-caret-down-wrapper\">\n\t\t\t\t<svg aria-hidden=\"true\" class=\"e-font-icon-svg e-eicon-caret-down\" viewbox=\"0 0 571.4 571.4\" xmlns=\"http:\/\/www.w3.org\/2000\/svg\"><path d=\"M571 393Q571 407 561 418L311 668Q300 679 286 679T261 668L11 418Q0 407 0 393T11 368 36 357H536Q550 357 561 368T571 393Z\"><\/path><\/svg>\t\t\t<\/div>\n\t\t\t<select name=\"form_fields[tribe]\" id=\"form-field-tribe\" class=\"elementor-field-textual elementor-size-sm\" required=\"required\">\n\t\t\t\t\t\t\t\t\t<option value=\"Amaen\">Amaen<\/option>\n\t\t\t\t\t\t\t\t\t<option value=\"Newsletter\">Newsletter<\/option>\n\t\t\t\t\t\t\t\t\t<option value=\"Soci\u00e1lne Siete\">Soci\u00e1lne Siete<\/option>\n\t\t\t\t\t\t\t\t\t<option value=\"Reklama\">Reklama<\/option>\n\t\t\t\t\t\t\t\t\t<option value=\"Kamar\u00e1t\">Kamar\u00e1t<\/option>\n\t\t\t\t\t\t\t\t\t<option value=\"U\u017e v\u00e1s pozn\u00e1m\">U\u017e v\u00e1s pozn\u00e1m<\/option>\n\t\t\t\t\t\t\t\t\t<option value=\"Pozval ma l\u00edder\">Pozval ma l\u00edder<\/option>\n\t\t\t\t\t\t\t\t\t<option value=\"In\u00e9...\">Jin\u00fd...<\/option>\n\t\t\t\t\t\t\t<\/select>\n\t\t<\/div>\n\t\t\t\t\t\t<\/div>\n\t\t\t\t\t\t\t\t<div class=\"elementor-field-type-text elementor-field-group elementor-column elementor-field-group-ktopozval elementor-col-100\">\n\t\t\t\t\t\t\t\t\t\t\t\t<label for=\"form-field-ktopozval\" class=\"elementor-field-label\">\n\t\t\t\t\t\t\t\tKto \u0165a pozval \/ in\u0161piroval\t\t\t\t\t\t\t<\/label>\n\t\t\t\t\t\t\t\t\t\t\t\t\t\t<input size=\"1\" type=\"text\" name=\"form_fields[ktopozval]\" id=\"form-field-ktopozval\" class=\"elementor-field elementor-size-sm  elementor-field-textual\">\n\t\t\t\t\t\t\t\t\t\t\t<\/div>\n\t\t\t\t\t\t\t\t<div class=\"elementor-field-type-textarea elementor-field-group elementor-column elementor-field-group-message elementor-col-100\">\n\t\t\t\t\t\t\t\t\t\t\t\t<label for=\"form-field-message\" class=\"elementor-field-label\">\n\t\t\t\t\t\t\t\tPozn\u00e1mka\t\t\t\t\t\t\t<\/label>\n\t\t\t\t\t\t<textarea class=\"elementor-field-textual elementor-field  elementor-size-sm\" name=\"form_fields[message]\" id=\"form-field-message\" rows=\"4\"><\/textarea>\t\t\t\t<\/div>\n\t\t\t\t\t\t\t\t<div class=\"elementor-field-type-acceptance elementor-field-group elementor-column elementor-field-group-obch_podm elementor-col-100 elementor-field-required elementor-mark-required\">\n\t\t\t\t\t\t\t<div class=\"elementor-field-subgroup\">\n\t\t\t<span class=\"elementor-field-option\">\n\t\t\t\t<input type=\"checkbox\" name=\"form_fields[obch_podm]\" id=\"form-field-obch_podm\" class=\"elementor-field elementor-size-sm  elementor-acceptance-field\" required=\"required\">\n\t\t\t\t<label for=\"form-field-obch_podm\"><span style=\"font-size: 0.8em;\">Souhlas\u00edm s <a href=\"\/cs\/obchodne-podmienky\/\" target=\"_blank\">Obchodn\u00edmi podm\u00ednkami<\/a><\/span><\/label>\t\t\t<\/span>\n\t\t<\/div>\n\t\t\t\t\t\t<\/div>\n\t\t\t\t\t\t\t\t<div class=\"elementor-field-group elementor-column elementor-field-type-submit elementor-col-100 e-form__buttons\">\n\t\t\t\t\t<button class=\"elementor-button elementor-size-sm\" type=\"submit\">\n\t\t\t\t\t\t<span class=\"elementor-button-content-wrapper\">\n\t\t\t\t\t\t\t\t\t\t\t\t\t\t\t<span class=\"elementor-button-icon\">\n\t\t\t\t\t\t\t\t\t<svg aria-hidden=\"true\" class=\"e-font-icon-svg e-fas-arrow-right\" viewbox=\"0 0 448 512\" xmlns=\"http:\/\/www.w3.org\/2000\/svg\"><path d=\"M190.5 66.9l22.2-22.2c9.4-9.4 24.6-9.4 33.9 0L441 239c9.4 9.4 9.4 24.6 0 33.9L246.6 467.3c-9.4 9.4-24.6 9.4-33.9 0l-22.2-22.2c-9.5-9.5-9.3-25 .4-34.3L311.4 296H24c-13.3 0-24-10.7-24-24v-32c0-13.3 10.7-24 24-24h287.4L190.9 101.2c-9.8-9.3-10-24.8-.4-34.3z\"><\/path><\/svg>\t\t\t\t\t\t\t\t\t\t\t\t\t\t\t\t\t<\/span>\n\t\t\t\t\t\t\t\t\t\t\t\t\t\t\t\t\t\t\t\t\t\t<span class=\"elementor-button-text\">REGISTROVAT<\/span>\n\t\t\t\t\t\t\t\t\t\t\t\t\t<\/span>\n\t\t\t\t\t<\/button>\n\t\t\t\t<\/div>\n\t\t\t<\/div>\n\t\t<input type=\"hidden\" name=\"trp-form-language\" value=\"cs\"\/><\/form>\n\t\t\t\t\t\t<\/div>\n\t\t\t\t<\/div>\n\t\t\t\t<div class=\"elementor-element elementor-element-6af6d65 elementor-widget__width-initial elementor-invisible elementor-widget elementor-widget-text-editor\" data-id=\"6af6d65\" data-element_type=\"widget\" data-settings=\"{&quot;_animation&quot;:&quot;fadeInUp&quot;}\" data-widget_type=\"text-editor.default\">\n\t\t\t\t<div class=\"elementor-widget-container\">\n\t\t\t\t\t\t\t\t\t<p>Registr\u00e1cia je platn\u00e1 a\u017e po \u00fahrade z\u00e1lohy vo v\u00fd\u0161ke \u20ac250<\/p>\t\t\t\t\t\t\t\t<\/div>\n\t\t\t\t<\/div>\n\t\t\t\t<div class=\"elementor-element elementor-element-d7a3c1d elementor-widget__width-initial elementor-invisible elementor-widget elementor-widget-text-editor\" data-id=\"d7a3c1d\" data-element_type=\"widget\" data-settings=\"{&quot;_animation&quot;:&quot;fadeInUp&quot;}\" data-widget_type=\"text-editor.default\">\n\t\t\t\t<div class=\"elementor-widget-container\">\n\t\t\t\t\t\t\t\t\t<p><a href=\"https:\/\/www.100muzov.sk\/cs\/gdpr\/\" target=\"_blank\" rel=\"noopener\">Ochrana osobn\u00edch \u00fadaj\u016f<\/a><\/p>\t\t\t\t\t\t\t\t<\/div>\n\t\t\t\t<\/div>\n\t\t\t\t<\/div>\n\t\t\t\t\t<\/div>\n\t\t\t\t<\/div>\n\t\t\t\t<\/div>","protected":false},"excerpt":{"rendered":"<p>Registr\u00e1cia na 100 MU\u017dOV 2026 9-12.7.2026Trimurti, Vojt\u011bchov \u20ac490 Cena pre prv\u00fdch 20 chlapov. \u010eal\u0161ia vlna: \u20ac540 Cena zah\u0155\u0148a \u20ac240 &#8211; ubytovanie 3 noci, pln\u00e1 penzia (vegetari\u00e1nska strava) \u20ac250 &#8211; program, lektori, oraniz\u00e1cia Registruj sa Registr\u00e1cia je platn\u00e1 a\u017e po \u00fahrade z\u00e1lohy vo v\u00fd\u0161ke \u20ac250 Ochrana osobn\u00fdch \u00fadajov Registr\u00e1cia na 100 MU\u017dOV 2026 Registr\u00e1cia na 100 [&hellip;]<\/p>","protected":false},"author":1,"featured_media":0,"parent":0,"menu_order":0,"comment_status":"closed","ping_status":"closed","template":"elementor_canvas","meta":{"footnotes":""},"class_list":["post-460","page","type-page","status-publish","hentry"],"yoast_head":"<!-- This site is optimized with the Yoast SEO plugin v26.4 - https:\/\/yoast.com\/wordpress\/plugins\/seo\/ -->\n<title>Registr\u00e1cia na 100 mu\u017eov 2026 - 100 mu\u017eov<\/title>\n<meta name=\"robots\" content=\"index, follow, max-snippet:-1, max-image-preview:large, max-video-preview:-1\" \/>\n<link rel=\"canonical\" href=\"https:\/\/www.100muzov.sk\/cs\/registracia\/\" \/>\n<meta property=\"og:locale\" content=\"cs_CZ\" \/>\n<meta property=\"og:type\" content=\"article\" \/>\n<meta property=\"og:title\" content=\"Registr\u00e1cia na 100 mu\u017eov 2026 - 100 mu\u017eov\" \/>\n<meta property=\"og:description\" content=\"Registr\u00e1cia na 100 MU\u017dOV 2026 9-12.7.2026Trimurti, Vojt\u011bchov \u20ac490 Cena pre prv\u00fdch 20 chlapov. \u010eal\u0161ia vlna: \u20ac540 Cena zah\u0155\u0148a \u20ac240 &#8211; ubytovanie 3 noci, pln\u00e1 penzia (vegetari\u00e1nska strava) \u20ac250 &#8211; program, lektori, oraniz\u00e1cia Registruj sa Registr\u00e1cia je platn\u00e1 a\u017e po \u00fahrade z\u00e1lohy vo v\u00fd\u0161ke \u20ac250 Ochrana osobn\u00fdch \u00fadajov Registr\u00e1cia na 100 MU\u017dOV 2026 Registr\u00e1cia na 100 [&hellip;]\" \/>\n<meta property=\"og:url\" content=\"https:\/\/www.100muzov.sk\/cs\/registracia\/\" \/>\n<meta property=\"og:site_name\" content=\"100 mu\u017eov\" \/>\n<meta property=\"article:publisher\" content=\"https:\/\/www.facebook.com\/groups\/1572337069827313\" \/>\n<meta property=\"article:modified_time\" content=\"2026-01-12T07:22:33+00:00\" \/>\n<meta property=\"og:image\" content=\"https:\/\/www.100muzov.sk\/wp-content\/uploads\/2025\/11\/cropped-Featured.jpg\" \/>\n\t<meta property=\"og:image:width\" content=\"532\" \/>\n\t<meta property=\"og:image:height\" content=\"467\" \/>\n\t<meta property=\"og:image:type\" content=\"image\/jpeg\" \/>\n<meta name=\"twitter:card\" content=\"summary_large_image\" \/>\n<meta name=\"twitter:label1\" content=\"Odhadovan\u00e1 doba \u010dten\u00ed\" \/>\n\t<meta name=\"twitter:data1\" content=\"1 minuta\" \/>\n<script type=\"application\/ld+json\" class=\"yoast-schema-graph\">{\"@context\":\"https:\/\/schema.org\",\"@graph\":[{\"@type\":\"WebPage\",\"@id\":\"https:\/\/www.100muzov.sk\/registracia\/\",\"url\":\"https:\/\/www.100muzov.sk\/registracia\/\",\"name\":\"Registr\u00e1cia na 100 mu\u017eov 2026 - 100 mu\u017eov\",\"isPartOf\":{\"@id\":\"https:\/\/www.100muzov.sk\/#website\"},\"datePublished\":\"2025-11-21T19:03:10+00:00\",\"dateModified\":\"2026-01-12T07:22:33+00:00\",\"breadcrumb\":{\"@id\":\"https:\/\/www.100muzov.sk\/registracia\/#breadcrumb\"},\"inLanguage\":\"cs\",\"potentialAction\":[{\"@type\":\"ReadAction\",\"target\":[\"https:\/\/www.100muzov.sk\/registracia\/\"]}]},{\"@type\":\"BreadcrumbList\",\"@id\":\"https:\/\/www.100muzov.sk\/registracia\/#breadcrumb\",\"itemListElement\":[{\"@type\":\"ListItem\",\"position\":1,\"name\":\"Home\",\"item\":\"https:\/\/www.100muzov.sk\/\"},{\"@type\":\"ListItem\",\"position\":2,\"name\":\"Registr\u00e1cia na 100 mu\u017eov 2026\"}]},{\"@type\":\"WebSite\",\"@id\":\"https:\/\/www.100muzov.sk\/#website\",\"url\":\"https:\/\/www.100muzov.sk\/\",\"name\":\"100 mu\u017eov\",\"description\":\"Stretnutie 100 mu\u017eov 2026\",\"publisher\":{\"@id\":\"https:\/\/www.100muzov.sk\/#organization\"},\"alternateName\":\"Stretnutie 100 mu\u017eov 2026\",\"potentialAction\":[{\"@type\":\"SearchAction\",\"target\":{\"@type\":\"EntryPoint\",\"urlTemplate\":\"https:\/\/www.100muzov.sk\/?s={search_term_string}\"},\"query-input\":{\"@type\":\"PropertyValueSpecification\",\"valueRequired\":true,\"valueName\":\"search_term_string\"}}],\"inLanguage\":\"cs\"},{\"@type\":\"Organization\",\"@id\":\"https:\/\/www.100muzov.sk\/#organization\",\"name\":\"Amaen, o.z.\",\"url\":\"https:\/\/www.100muzov.sk\/\",\"logo\":{\"@type\":\"ImageObject\",\"inLanguage\":\"cs\",\"@id\":\"https:\/\/www.100muzov.sk\/#\/schema\/logo\/image\/\",\"url\":\"https:\/\/www.100muzov.sk\/wp-content\/uploads\/2025\/11\/cropped-Featured.jpg\",\"contentUrl\":\"https:\/\/www.100muzov.sk\/wp-content\/uploads\/2025\/11\/cropped-Featured.jpg\",\"width\":532,\"height\":467,\"caption\":\"Amaen, o.z.\"},\"image\":{\"@id\":\"https:\/\/www.100muzov.sk\/#\/schema\/logo\/image\/\"},\"sameAs\":[\"https:\/\/www.facebook.com\/groups\/1572337069827313\"]}]}<\/script>\n<!-- \/ Yoast SEO plugin. -->","yoast_head_json":{"title":"Registr\u00e1cia na 100 mu\u017eov 2026 - 100 mu\u017eov","robots":{"index":"index","follow":"follow","max-snippet":"max-snippet:-1","max-image-preview":"max-image-preview:large","max-video-preview":"max-video-preview:-1"},"canonical":"https:\/\/www.100muzov.sk\/cs\/registracia\/","og_locale":"cs_CZ","og_type":"article","og_title":"Registr\u00e1cia na 100 mu\u017eov 2026 - 100 mu\u017eov","og_description":"Registr\u00e1cia na 100 MU\u017dOV 2026 9-12.7.2026Trimurti, Vojt\u011bchov \u20ac490 Cena pre prv\u00fdch 20 chlapov. \u010eal\u0161ia vlna: \u20ac540 Cena zah\u0155\u0148a \u20ac240 &#8211; ubytovanie 3 noci, pln\u00e1 penzia (vegetari\u00e1nska strava) \u20ac250 &#8211; program, lektori, oraniz\u00e1cia Registruj sa Registr\u00e1cia je platn\u00e1 a\u017e po \u00fahrade z\u00e1lohy vo v\u00fd\u0161ke \u20ac250 Ochrana osobn\u00fdch \u00fadajov Registr\u00e1cia na 100 MU\u017dOV 2026 Registr\u00e1cia na 100 [&hellip;]","og_url":"https:\/\/www.100muzov.sk\/cs\/registracia\/","og_site_name":"100 mu\u017eov","article_publisher":"https:\/\/www.facebook.com\/groups\/1572337069827313","article_modified_time":"2026-01-12T07:22:33+00:00","og_image":[{"width":532,"height":467,"url":"https:\/\/www.100muzov.sk\/wp-content\/uploads\/2025\/11\/cropped-Featured.jpg","type":"image\/jpeg"}],"twitter_card":"summary_large_image","twitter_misc":{"Odhadovan\u00e1 doba \u010dten\u00ed":"1 minuta"},"schema":{"@context":"https:\/\/schema.org","@graph":[{"@type":"WebPage","@id":"https:\/\/www.100muzov.sk\/registracia\/","url":"https:\/\/www.100muzov.sk\/registracia\/","name":"Registr\u00e1cia na 100 mu\u017eov 2026 - 100 mu\u017eov","isPartOf":{"@id":"https:\/\/www.100muzov.sk\/#website"},"datePublished":"2025-11-21T19:03:10+00:00","dateModified":"2026-01-12T07:22:33+00:00","breadcrumb":{"@id":"https:\/\/www.100muzov.sk\/registracia\/#breadcrumb"},"inLanguage":"cs","potentialAction":[{"@type":"ReadAction","target":["https:\/\/www.100muzov.sk\/registracia\/"]}]},{"@type":"BreadcrumbList","@id":"https:\/\/www.100muzov.sk\/registracia\/#breadcrumb","itemListElement":[{"@type":"ListItem","position":1,"name":"Home","item":"https:\/\/www.100muzov.sk\/"},{"@type":"ListItem","position":2,"name":"Registr\u00e1cia na 100 mu\u017eov 2026"}]},{"@type":"WebSite","@id":"https:\/\/www.100muzov.sk\/#website","url":"https:\/\/www.100muzov.sk\/","name":"100 mu\u017eov","description":"Stretnutie 100 mu\u017eov 2026","publisher":{"@id":"https:\/\/www.100muzov.sk\/#organization"},"alternateName":"Stretnutie 100 mu\u017eov 2026","potentialAction":[{"@type":"SearchAction","target":{"@type":"EntryPoint","urlTemplate":"https:\/\/www.100muzov.sk\/?s={search_term_string}"},"query-input":{"@type":"PropertyValueSpecification","valueRequired":true,"valueName":"search_term_string"}}],"inLanguage":"cs"},{"@type":"Organization","@id":"https:\/\/www.100muzov.sk\/#organization","name":"Amaen, o.z.","url":"https:\/\/www.100muzov.sk\/","logo":{"@type":"ImageObject","inLanguage":"cs","@id":"https:\/\/www.100muzov.sk\/#\/schema\/logo\/image\/","url":"https:\/\/www.100muzov.sk\/wp-content\/uploads\/2025\/11\/cropped-Featured.jpg","contentUrl":"https:\/\/www.100muzov.sk\/wp-content\/uploads\/2025\/11\/cropped-Featured.jpg","width":532,"height":467,"caption":"Amaen, o.z."},"image":{"@id":"https:\/\/www.100muzov.sk\/#\/schema\/logo\/image\/"},"sameAs":["https:\/\/www.facebook.com\/groups\/1572337069827313"]}]}},"_links":{"self":[{"href":"https:\/\/www.100muzov.sk\/cs\/wp-json\/wp\/v2\/pages\/460","targetHints":{"allow":["GET"]}}],"collection":[{"href":"https:\/\/www.100muzov.sk\/cs\/wp-json\/wp\/v2\/pages"}],"about":[{"href":"https:\/\/www.100muzov.sk\/cs\/wp-json\/wp\/v2\/types\/page"}],"author":[{"embeddable":true,"href":"https:\/\/www.100muzov.sk\/cs\/wp-json\/wp\/v2\/users\/1"}],"replies":[{"embeddable":true,"href":"https:\/\/www.100muzov.sk\/cs\/wp-json\/wp\/v2\/comments?post=460"}],"version-history":[{"count":32,"href":"https:\/\/www.100muzov.sk\/cs\/wp-json\/wp\/v2\/pages\/460\/revisions"}],"predecessor-version":[{"id":566,"href":"https:\/\/www.100muzov.sk\/cs\/wp-json\/wp\/v2\/pages\/460\/revisions\/566"}],"wp:attachment":[{"href":"https:\/\/www.100muzov.sk\/cs\/wp-json\/wp\/v2\/media?parent=460"}],"curies":[{"name":"wp","href":"https:\/\/api.w.org\/{rel}","templated":true}]}}