{"id":49,"date":"2025-03-28T16:28:39","date_gmt":"2025-03-28T16:28:39","guid":{"rendered":"https:\/\/www.100muzov.sk\/?page_id=49"},"modified":"2025-11-21T19:04:43","modified_gmt":"2025-11-21T19:04:43","slug":"registracia25","status":"publish","type":"page","link":"https:\/\/www.100muzov.sk\/cs\/registracia25\/","title":{"rendered":"Registr\u00e1cia na 100 mu\u017eov 2025\u00a0"},"content":{"rendered":"<div data-elementor-type=\"wp-page\" data-elementor-id=\"49\" class=\"elementor elementor-49\" data-elementor-post-type=\"page\">\n\t\t\t\t<div class=\"elementor-element elementor-element-3bb0d93 e-flex e-con-boxed e-con e-parent\" data-id=\"3bb0d93\" data-element_type=\"container\" data-settings=\"{&quot;background_background&quot;:&quot;classic&quot;}\">\n\t\t\t\t\t<div class=\"e-con-inner\">\n\t\t<div class=\"elementor-element elementor-element-0803300 e-con-full e-flex e-con e-child\" data-id=\"0803300\" data-element_type=\"container\">\n\t\t\t\t<div class=\"elementor-element elementor-element-d357af4 elementor-invisible elementor-widget elementor-widget-heading\" data-id=\"d357af4\" data-element_type=\"widget\" data-settings=\"{&quot;_animation&quot;:&quot;fadeIn&quot;}\" data-widget_type=\"heading.default\">\n\t\t\t\t<div class=\"elementor-widget-container\">\n\t\t\t\t\t<h2 class=\"elementor-heading-title elementor-size-default\">Registrace na<\/h2>\t\t\t\t<\/div>\n\t\t\t\t<\/div>\n\t\t\t\t<div class=\"elementor-element elementor-element-ab0d5b9 elementor-invisible elementor-widget elementor-widget-heading\" data-id=\"ab0d5b9\" data-element_type=\"widget\" data-settings=\"{&quot;_animation&quot;:&quot;fadeIn&quot;,&quot;_animation_delay&quot;:100}\" data-widget_type=\"heading.default\">\n\t\t\t\t<div class=\"elementor-widget-container\">\n\t\t\t\t\t<h2 class=\"elementor-heading-title elementor-size-default\">100 MU\u017dOV 2025<\/h2>\t\t\t\t<\/div>\n\t\t\t\t<\/div>\n\t\t\t\t<div class=\"elementor-element elementor-element-99dc904 elementor-widget__width-initial elementor-widget elementor-widget-text-editor\" data-id=\"99dc904\" data-element_type=\"widget\" data-widget_type=\"text-editor.default\">\n\t\t\t\t<div class=\"elementor-widget-container\">\n\t\t\t\t\t\t\t\t\t<p>Registr\u00e1cia na 100 mu\u017eov 2025 bola ukon\u010den\u00e1, \u010fakujeme. Vid\u00edme sa bud\u00faci rok.<\/p>\t\t\t\t\t\t\t\t<\/div>\n\t\t\t\t<\/div>\n\t\t\t\t<\/div>\n\t\t\t\t\t<\/div>\n\t\t\t\t<\/div>\n\t\t\t\t<\/div>","protected":false},"excerpt":{"rendered":"<p>Registr\u00e1cia na 100 MU\u017dOV 2025 10-13.7.2025Trimurti, Vojt\u011bchov \u20ac380 Registr\u00e1cia je platn\u00e1 a\u017e po \u00fahrade z\u00e1lohy vo v\u00fd\u0161ke \u20ac200 Ochrana osobn\u00fdch \u00fadajov Registr\u00e1cia na 100 MU\u017dOV 2025 Registr\u00e1cia na 100 mu\u017eov 2025 bola ukon\u010den\u00e1, \u010fakujeme. Vid\u00edme sa bud\u00faci rok.<\/p>","protected":false},"author":1,"featured_media":0,"parent":0,"menu_order":0,"comment_status":"closed","ping_status":"closed","template":"elementor_canvas","meta":{"footnotes":""},"class_list":["post-49","page","type-page","status-publish","hentry"],"yoast_head":"<!-- This site is optimized with the Yoast SEO plugin v26.4 - https:\/\/yoast.com\/wordpress\/plugins\/seo\/ -->\n<title>Registr\u00e1cia na 100 mu\u017eov 2025\u00a0 - 100 mu\u017eov<\/title>\n<meta name=\"robots\" content=\"index, follow, max-snippet:-1, max-image-preview:large, max-video-preview:-1\" \/>\n<link rel=\"canonical\" href=\"https:\/\/www.100muzov.sk\/cs\/registracia25\/\" \/>\n<meta property=\"og:locale\" content=\"cs_CZ\" \/>\n<meta property=\"og:type\" content=\"article\" \/>\n<meta property=\"og:title\" content=\"Registr\u00e1cia na 100 mu\u017eov 2025\u00a0 - 100 mu\u017eov\" \/>\n<meta property=\"og:description\" content=\"Registr\u00e1cia na 100 MU\u017dOV 2025 10-13.7.2025Trimurti, Vojt\u011bchov \u20ac380 Registr\u00e1cia je platn\u00e1 a\u017e po \u00fahrade z\u00e1lohy vo v\u00fd\u0161ke \u20ac200 Ochrana osobn\u00fdch \u00fadajov Registr\u00e1cia na 100 MU\u017dOV 2025 Registr\u00e1cia na 100 mu\u017eov 2025 bola ukon\u010den\u00e1, \u010fakujeme. Vid\u00edme sa bud\u00faci rok.\" \/>\n<meta property=\"og:url\" content=\"https:\/\/www.100muzov.sk\/cs\/registracia25\/\" \/>\n<meta property=\"og:site_name\" content=\"100 mu\u017eov\" \/>\n<meta property=\"article:publisher\" content=\"https:\/\/www.facebook.com\/groups\/1572337069827313\" \/>\n<meta property=\"article:modified_time\" content=\"2025-11-21T19:04:43+00:00\" \/>\n<meta property=\"og:image\" content=\"https:\/\/www.100muzov.sk\/wp-content\/uploads\/2025\/11\/cropped-Featured.jpg\" \/>\n\t<meta property=\"og:image:width\" content=\"532\" \/>\n\t<meta property=\"og:image:height\" content=\"467\" \/>\n\t<meta property=\"og:image:type\" content=\"image\/jpeg\" \/>\n<meta name=\"twitter:card\" content=\"summary_large_image\" \/>\n<meta name=\"twitter:label1\" content=\"Odhadovan\u00e1 doba \u010dten\u00ed\" \/>\n\t<meta name=\"twitter:data1\" content=\"1 minuta\" \/>\n<script type=\"application\/ld+json\" class=\"yoast-schema-graph\">{\"@context\":\"https:\/\/schema.org\",\"@graph\":[{\"@type\":\"WebPage\",\"@id\":\"https:\/\/www.100muzov.sk\/registracia25\/\",\"url\":\"https:\/\/www.100muzov.sk\/registracia25\/\",\"name\":\"Registr\u00e1cia na 100 mu\u017eov 2025\u00a0 - 100 mu\u017eov\",\"isPartOf\":{\"@id\":\"https:\/\/www.100muzov.sk\/#website\"},\"datePublished\":\"2025-03-28T16:28:39+00:00\",\"dateModified\":\"2025-11-21T19:04:43+00:00\",\"breadcrumb\":{\"@id\":\"https:\/\/www.100muzov.sk\/registracia25\/#breadcrumb\"},\"inLanguage\":\"cs\",\"potentialAction\":[{\"@type\":\"ReadAction\",\"target\":[\"https:\/\/www.100muzov.sk\/registracia25\/\"]}]},{\"@type\":\"BreadcrumbList\",\"@id\":\"https:\/\/www.100muzov.sk\/registracia25\/#breadcrumb\",\"itemListElement\":[{\"@type\":\"ListItem\",\"position\":1,\"name\":\"Home\",\"item\":\"https:\/\/www.100muzov.sk\/\"},{\"@type\":\"ListItem\",\"position\":2,\"name\":\"Registr\u00e1cia na 100 mu\u017eov 2025\u00a0\"}]},{\"@type\":\"WebSite\",\"@id\":\"https:\/\/www.100muzov.sk\/#website\",\"url\":\"https:\/\/www.100muzov.sk\/\",\"name\":\"100 mu\u017eov\",\"description\":\"Stretnutie 100 mu\u017eov 2026\",\"publisher\":{\"@id\":\"https:\/\/www.100muzov.sk\/#organization\"},\"alternateName\":\"Stretnutie 100 mu\u017eov 2026\",\"potentialAction\":[{\"@type\":\"SearchAction\",\"target\":{\"@type\":\"EntryPoint\",\"urlTemplate\":\"https:\/\/www.100muzov.sk\/?s={search_term_string}\"},\"query-input\":{\"@type\":\"PropertyValueSpecification\",\"valueRequired\":true,\"valueName\":\"search_term_string\"}}],\"inLanguage\":\"cs\"},{\"@type\":\"Organization\",\"@id\":\"https:\/\/www.100muzov.sk\/#organization\",\"name\":\"Amaen, o.z.\",\"url\":\"https:\/\/www.100muzov.sk\/\",\"logo\":{\"@type\":\"ImageObject\",\"inLanguage\":\"cs\",\"@id\":\"https:\/\/www.100muzov.sk\/#\/schema\/logo\/image\/\",\"url\":\"https:\/\/www.100muzov.sk\/wp-content\/uploads\/2025\/11\/cropped-Featured.jpg\",\"contentUrl\":\"https:\/\/www.100muzov.sk\/wp-content\/uploads\/2025\/11\/cropped-Featured.jpg\",\"width\":532,\"height\":467,\"caption\":\"Amaen, o.z.\"},\"image\":{\"@id\":\"https:\/\/www.100muzov.sk\/#\/schema\/logo\/image\/\"},\"sameAs\":[\"https:\/\/www.facebook.com\/groups\/1572337069827313\"]}]}<\/script>\n<!-- \/ Yoast SEO plugin. -->","yoast_head_json":{"title":"Registr\u00e1cia na 100 mu\u017eov 2025\u00a0 - 100 mu\u017eov","robots":{"index":"index","follow":"follow","max-snippet":"max-snippet:-1","max-image-preview":"max-image-preview:large","max-video-preview":"max-video-preview:-1"},"canonical":"https:\/\/www.100muzov.sk\/cs\/registracia25\/","og_locale":"cs_CZ","og_type":"article","og_title":"Registr\u00e1cia na 100 mu\u017eov 2025\u00a0 - 100 mu\u017eov","og_description":"Registr\u00e1cia na 100 MU\u017dOV 2025 10-13.7.2025Trimurti, Vojt\u011bchov \u20ac380 Registr\u00e1cia je platn\u00e1 a\u017e po \u00fahrade z\u00e1lohy vo v\u00fd\u0161ke \u20ac200 Ochrana osobn\u00fdch \u00fadajov Registr\u00e1cia na 100 MU\u017dOV 2025 Registr\u00e1cia na 100 mu\u017eov 2025 bola ukon\u010den\u00e1, \u010fakujeme. Vid\u00edme sa bud\u00faci rok.","og_url":"https:\/\/www.100muzov.sk\/cs\/registracia25\/","og_site_name":"100 mu\u017eov","article_publisher":"https:\/\/www.facebook.com\/groups\/1572337069827313","article_modified_time":"2025-11-21T19:04:43+00:00","og_image":[{"width":532,"height":467,"url":"https:\/\/www.100muzov.sk\/wp-content\/uploads\/2025\/11\/cropped-Featured.jpg","type":"image\/jpeg"}],"twitter_card":"summary_large_image","twitter_misc":{"Odhadovan\u00e1 doba \u010dten\u00ed":"1 minuta"},"schema":{"@context":"https:\/\/schema.org","@graph":[{"@type":"WebPage","@id":"https:\/\/www.100muzov.sk\/registracia25\/","url":"https:\/\/www.100muzov.sk\/registracia25\/","name":"Registr\u00e1cia na 100 mu\u017eov 2025\u00a0 - 100 mu\u017eov","isPartOf":{"@id":"https:\/\/www.100muzov.sk\/#website"},"datePublished":"2025-03-28T16:28:39+00:00","dateModified":"2025-11-21T19:04:43+00:00","breadcrumb":{"@id":"https:\/\/www.100muzov.sk\/registracia25\/#breadcrumb"},"inLanguage":"cs","potentialAction":[{"@type":"ReadAction","target":["https:\/\/www.100muzov.sk\/registracia25\/"]}]},{"@type":"BreadcrumbList","@id":"https:\/\/www.100muzov.sk\/registracia25\/#breadcrumb","itemListElement":[{"@type":"ListItem","position":1,"name":"Home","item":"https:\/\/www.100muzov.sk\/"},{"@type":"ListItem","position":2,"name":"Registr\u00e1cia na 100 mu\u017eov 2025\u00a0"}]},{"@type":"WebSite","@id":"https:\/\/www.100muzov.sk\/#website","url":"https:\/\/www.100muzov.sk\/","name":"100 mu\u017eov","description":"Stretnutie 100 mu\u017eov 2026","publisher":{"@id":"https:\/\/www.100muzov.sk\/#organization"},"alternateName":"Stretnutie 100 mu\u017eov 2026","potentialAction":[{"@type":"SearchAction","target":{"@type":"EntryPoint","urlTemplate":"https:\/\/www.100muzov.sk\/?s={search_term_string}"},"query-input":{"@type":"PropertyValueSpecification","valueRequired":true,"valueName":"search_term_string"}}],"inLanguage":"cs"},{"@type":"Organization","@id":"https:\/\/www.100muzov.sk\/#organization","name":"Amaen, o.z.","url":"https:\/\/www.100muzov.sk\/","logo":{"@type":"ImageObject","inLanguage":"cs","@id":"https:\/\/www.100muzov.sk\/#\/schema\/logo\/image\/","url":"https:\/\/www.100muzov.sk\/wp-content\/uploads\/2025\/11\/cropped-Featured.jpg","contentUrl":"https:\/\/www.100muzov.sk\/wp-content\/uploads\/2025\/11\/cropped-Featured.jpg","width":532,"height":467,"caption":"Amaen, o.z."},"image":{"@id":"https:\/\/www.100muzov.sk\/#\/schema\/logo\/image\/"},"sameAs":["https:\/\/www.facebook.com\/groups\/1572337069827313"]}]}},"_links":{"self":[{"href":"https:\/\/www.100muzov.sk\/cs\/wp-json\/wp\/v2\/pages\/49","targetHints":{"allow":["GET"]}}],"collection":[{"href":"https:\/\/www.100muzov.sk\/cs\/wp-json\/wp\/v2\/pages"}],"about":[{"href":"https:\/\/www.100muzov.sk\/cs\/wp-json\/wp\/v2\/types\/page"}],"author":[{"embeddable":true,"href":"https:\/\/www.100muzov.sk\/cs\/wp-json\/wp\/v2\/users\/1"}],"replies":[{"embeddable":true,"href":"https:\/\/www.100muzov.sk\/cs\/wp-json\/wp\/v2\/comments?post=49"}],"version-history":[{"count":98,"href":"https:\/\/www.100muzov.sk\/cs\/wp-json\/wp\/v2\/pages\/49\/revisions"}],"predecessor-version":[{"id":474,"href":"https:\/\/www.100muzov.sk\/cs\/wp-json\/wp\/v2\/pages\/49\/revisions\/474"}],"wp:attachment":[{"href":"https:\/\/www.100muzov.sk\/cs\/wp-json\/wp\/v2\/media?parent=49"}],"curies":[{"name":"wp","href":"https:\/\/api.w.org\/{rel}","templated":true}]}}