{"id":97,"date":"2025-03-28T21:44:17","date_gmt":"2025-03-28T21:44:17","guid":{"rendered":"https:\/\/www.100muzov.sk\/?page_id=97"},"modified":"2025-11-21T19:40:35","modified_gmt":"2025-11-21T19:40:35","slug":"registracia-hotovo-25","status":"publish","type":"page","link":"https:\/\/www.100muzov.sk\/cs\/registracia-hotovo-25\/","title":{"rendered":"Registr\u00e1cia hotov\u00e1 25"},"content":{"rendered":"<div data-elementor-type=\"wp-page\" data-elementor-id=\"97\" class=\"elementor elementor-97\" data-elementor-post-type=\"page\">\n\t\t\t\t<div class=\"elementor-element elementor-element-3bb0d93 e-flex e-con-boxed e-con e-parent\" data-id=\"3bb0d93\" data-element_type=\"container\" data-settings=\"{&quot;background_background&quot;:&quot;classic&quot;}\">\n\t\t\t\t\t<div class=\"e-con-inner\">\n\t\t<div class=\"elementor-element elementor-element-79c468c e-con-full e-flex e-con e-child\" data-id=\"79c468c\" data-element_type=\"container\">\n\t\t\t\t<div class=\"elementor-element elementor-element-fb026ee elementor-invisible elementor-widget elementor-widget-heading\" data-id=\"fb026ee\" data-element_type=\"widget\" data-settings=\"{&quot;_animation&quot;:&quot;fadeInDown&quot;}\" data-widget_type=\"heading.default\">\n\t\t\t\t<div class=\"elementor-widget-container\">\n\t\t\t\t\t<h2 class=\"elementor-heading-title elementor-size-default\">Registrace na<\/h2>\t\t\t\t<\/div>\n\t\t\t\t<\/div>\n\t\t\t\t<div class=\"elementor-element elementor-element-c61784b elementor-invisible elementor-widget elementor-widget-heading\" data-id=\"c61784b\" data-element_type=\"widget\" data-settings=\"{&quot;_animation&quot;:&quot;fadeInDown&quot;,&quot;_animation_delay&quot;:200}\" data-widget_type=\"heading.default\">\n\t\t\t\t<div class=\"elementor-widget-container\">\n\t\t\t\t\t<h2 class=\"elementor-heading-title elementor-size-default\">100 MU\u017dOV 2025<\/h2>\t\t\t\t<\/div>\n\t\t\t\t<\/div>\n\t\t<div class=\"elementor-element elementor-element-483ca8d e-con-full e-flex e-con e-child\" data-id=\"483ca8d\" data-element_type=\"container\">\n\t\t\t\t<div class=\"elementor-element elementor-element-6edd75c elementor-widget__width-initial elementor-invisible elementor-widget elementor-widget-text-editor\" data-id=\"6edd75c\" data-element_type=\"widget\" data-settings=\"{&quot;_animation&quot;:&quot;fadeIn&quot;}\" data-widget_type=\"text-editor.default\">\n\t\t\t\t<div class=\"elementor-widget-container\">\n\t\t\t\t\t\t\t\t\t<p>\u010eakujeme za tvoju registr\u00e1ciu. Mal by si hne\u010f dosta\u0165 email s \u010fal\u0161\u00edmi pokynmi na dokon\u010denie registr\u00e1cie a n\u00e1sledne \u0165a budeme postupne informova\u0165 emailom o tom, \u010do sa deje.<\/p>\n<p>Pokud jsi e-mail neobdr\u017eel, <a href=\"https:\/\/www.100muzov.sk\/cs\/#kontakt\">kontaktuj n\u00e1s<\/a>.<\/p>\t\t\t\t\t\t\t\t<\/div>\n\t\t\t\t<\/div>\n\t\t\t\t<\/div>\n\t\t\t\t<div class=\"elementor-element elementor-element-6af6d65 elementor-widget__width-initial elementor-invisible elementor-widget elementor-widget-text-editor\" data-id=\"6af6d65\" data-element_type=\"widget\" data-settings=\"{&quot;_animation&quot;:&quot;fadeInUp&quot;}\" data-widget_type=\"text-editor.default\">\n\t\t\t\t<div class=\"elementor-widget-container\">\n\t\t\t\t\t\t\t\t\tRegistrace je platn\u00e1 a\u017e po \u00fahrad\u011b z\u00e1lohy ve v\u00fd\u0161i \u20ac200.\t\t\t\t\t\t\t\t<\/div>\n\t\t\t\t<\/div>\n\t\t\t\t<\/div>\n\t\t\t\t\t<\/div>\n\t\t\t\t<\/div>\n\t\t\t\t<\/div>","protected":false},"excerpt":{"rendered":"<p>Registr\u00e1cia na 100 MU\u017dOV 2025 \u010eakujeme za tvoju registr\u00e1ciu. Mal by si hne\u010f dosta\u0165 email s \u010fal\u0161\u00edmi pokynmi na dokon\u010denie registr\u00e1cie a n\u00e1sledne \u0165a budeme postupne informova\u0165 emailom o tom, \u010do sa deje. Ak si email nedostal, kontaktuj n\u00e1s. Registr\u00e1cia je platn\u00e1 a\u017e po \u00fahrade z\u00e1lohy vo v\u00fd\u0161ke \u20ac200<\/p>","protected":false},"author":1,"featured_media":0,"parent":0,"menu_order":0,"comment_status":"closed","ping_status":"closed","template":"elementor_canvas","meta":{"footnotes":""},"class_list":["post-97","page","type-page","status-publish","hentry"],"yoast_head":"<!-- This site is optimized with the Yoast SEO plugin v26.4 - https:\/\/yoast.com\/wordpress\/plugins\/seo\/ -->\n<title>Registr\u00e1cia hotov\u00e1 25 - 100 mu\u017eov<\/title>\n<meta name=\"robots\" content=\"index, follow, max-snippet:-1, max-image-preview:large, max-video-preview:-1\" \/>\n<link rel=\"canonical\" href=\"https:\/\/www.100muzov.sk\/cs\/registracia-hotovo-25\/\" \/>\n<meta property=\"og:locale\" content=\"cs_CZ\" \/>\n<meta property=\"og:type\" content=\"article\" \/>\n<meta property=\"og:title\" content=\"Registr\u00e1cia hotov\u00e1 25 - 100 mu\u017eov\" \/>\n<meta property=\"og:description\" content=\"Registr\u00e1cia na 100 MU\u017dOV 2025 \u010eakujeme za tvoju registr\u00e1ciu. Mal by si hne\u010f dosta\u0165 email s \u010fal\u0161\u00edmi pokynmi na dokon\u010denie registr\u00e1cie a n\u00e1sledne \u0165a budeme postupne informova\u0165 emailom o tom, \u010do sa deje. Ak si email nedostal, kontaktuj n\u00e1s. Registr\u00e1cia je platn\u00e1 a\u017e po \u00fahrade z\u00e1lohy vo v\u00fd\u0161ke \u20ac200\" \/>\n<meta property=\"og:url\" content=\"https:\/\/www.100muzov.sk\/cs\/registracia-hotovo-25\/\" \/>\n<meta property=\"og:site_name\" content=\"100 mu\u017eov\" \/>\n<meta property=\"article:publisher\" content=\"https:\/\/www.facebook.com\/groups\/1572337069827313\" \/>\n<meta property=\"article:modified_time\" content=\"2025-11-21T19:40:35+00:00\" \/>\n<meta property=\"og:image\" content=\"https:\/\/www.100muzov.sk\/wp-content\/uploads\/2025\/11\/cropped-Featured.jpg\" \/>\n\t<meta property=\"og:image:width\" content=\"532\" \/>\n\t<meta property=\"og:image:height\" content=\"467\" \/>\n\t<meta property=\"og:image:type\" content=\"image\/jpeg\" \/>\n<meta name=\"twitter:card\" content=\"summary_large_image\" \/>\n<meta name=\"twitter:label1\" content=\"Odhadovan\u00e1 doba \u010dten\u00ed\" \/>\n\t<meta name=\"twitter:data1\" content=\"1 minuta\" \/>\n<script type=\"application\/ld+json\" class=\"yoast-schema-graph\">{\"@context\":\"https:\/\/schema.org\",\"@graph\":[{\"@type\":\"WebPage\",\"@id\":\"https:\/\/www.100muzov.sk\/registracia-hotovo-25\/\",\"url\":\"https:\/\/www.100muzov.sk\/registracia-hotovo-25\/\",\"name\":\"Registr\u00e1cia hotov\u00e1 25 - 100 mu\u017eov\",\"isPartOf\":{\"@id\":\"https:\/\/www.100muzov.sk\/#website\"},\"datePublished\":\"2025-03-28T21:44:17+00:00\",\"dateModified\":\"2025-11-21T19:40:35+00:00\",\"breadcrumb\":{\"@id\":\"https:\/\/www.100muzov.sk\/registracia-hotovo-25\/#breadcrumb\"},\"inLanguage\":\"cs\",\"potentialAction\":[{\"@type\":\"ReadAction\",\"target\":[\"https:\/\/www.100muzov.sk\/registracia-hotovo-25\/\"]}]},{\"@type\":\"BreadcrumbList\",\"@id\":\"https:\/\/www.100muzov.sk\/registracia-hotovo-25\/#breadcrumb\",\"itemListElement\":[{\"@type\":\"ListItem\",\"position\":1,\"name\":\"Home\",\"item\":\"https:\/\/www.100muzov.sk\/\"},{\"@type\":\"ListItem\",\"position\":2,\"name\":\"Registr\u00e1cia hotov\u00e1 25\"}]},{\"@type\":\"WebSite\",\"@id\":\"https:\/\/www.100muzov.sk\/#website\",\"url\":\"https:\/\/www.100muzov.sk\/\",\"name\":\"100 mu\u017eov\",\"description\":\"Stretnutie 100 mu\u017eov 2026\",\"publisher\":{\"@id\":\"https:\/\/www.100muzov.sk\/#organization\"},\"alternateName\":\"Stretnutie 100 mu\u017eov 2026\",\"potentialAction\":[{\"@type\":\"SearchAction\",\"target\":{\"@type\":\"EntryPoint\",\"urlTemplate\":\"https:\/\/www.100muzov.sk\/?s={search_term_string}\"},\"query-input\":{\"@type\":\"PropertyValueSpecification\",\"valueRequired\":true,\"valueName\":\"search_term_string\"}}],\"inLanguage\":\"cs\"},{\"@type\":\"Organization\",\"@id\":\"https:\/\/www.100muzov.sk\/#organization\",\"name\":\"Amaen, o.z.\",\"url\":\"https:\/\/www.100muzov.sk\/\",\"logo\":{\"@type\":\"ImageObject\",\"inLanguage\":\"cs\",\"@id\":\"https:\/\/www.100muzov.sk\/#\/schema\/logo\/image\/\",\"url\":\"https:\/\/www.100muzov.sk\/wp-content\/uploads\/2025\/11\/cropped-Featured.jpg\",\"contentUrl\":\"https:\/\/www.100muzov.sk\/wp-content\/uploads\/2025\/11\/cropped-Featured.jpg\",\"width\":532,\"height\":467,\"caption\":\"Amaen, o.z.\"},\"image\":{\"@id\":\"https:\/\/www.100muzov.sk\/#\/schema\/logo\/image\/\"},\"sameAs\":[\"https:\/\/www.facebook.com\/groups\/1572337069827313\"]}]}<\/script>\n<!-- \/ Yoast SEO plugin. -->","yoast_head_json":{"title":"Registr\u00e1cia hotov\u00e1 25 - 100 mu\u017eov","robots":{"index":"index","follow":"follow","max-snippet":"max-snippet:-1","max-image-preview":"max-image-preview:large","max-video-preview":"max-video-preview:-1"},"canonical":"https:\/\/www.100muzov.sk\/cs\/registracia-hotovo-25\/","og_locale":"cs_CZ","og_type":"article","og_title":"Registr\u00e1cia hotov\u00e1 25 - 100 mu\u017eov","og_description":"Registr\u00e1cia na 100 MU\u017dOV 2025 \u010eakujeme za tvoju registr\u00e1ciu. Mal by si hne\u010f dosta\u0165 email s \u010fal\u0161\u00edmi pokynmi na dokon\u010denie registr\u00e1cie a n\u00e1sledne \u0165a budeme postupne informova\u0165 emailom o tom, \u010do sa deje. Ak si email nedostal, kontaktuj n\u00e1s. Registr\u00e1cia je platn\u00e1 a\u017e po \u00fahrade z\u00e1lohy vo v\u00fd\u0161ke \u20ac200","og_url":"https:\/\/www.100muzov.sk\/cs\/registracia-hotovo-25\/","og_site_name":"100 mu\u017eov","article_publisher":"https:\/\/www.facebook.com\/groups\/1572337069827313","article_modified_time":"2025-11-21T19:40:35+00:00","og_image":[{"width":532,"height":467,"url":"https:\/\/www.100muzov.sk\/wp-content\/uploads\/2025\/11\/cropped-Featured.jpg","type":"image\/jpeg"}],"twitter_card":"summary_large_image","twitter_misc":{"Odhadovan\u00e1 doba \u010dten\u00ed":"1 minuta"},"schema":{"@context":"https:\/\/schema.org","@graph":[{"@type":"WebPage","@id":"https:\/\/www.100muzov.sk\/registracia-hotovo-25\/","url":"https:\/\/www.100muzov.sk\/registracia-hotovo-25\/","name":"Registr\u00e1cia hotov\u00e1 25 - 100 mu\u017eov","isPartOf":{"@id":"https:\/\/www.100muzov.sk\/#website"},"datePublished":"2025-03-28T21:44:17+00:00","dateModified":"2025-11-21T19:40:35+00:00","breadcrumb":{"@id":"https:\/\/www.100muzov.sk\/registracia-hotovo-25\/#breadcrumb"},"inLanguage":"cs","potentialAction":[{"@type":"ReadAction","target":["https:\/\/www.100muzov.sk\/registracia-hotovo-25\/"]}]},{"@type":"BreadcrumbList","@id":"https:\/\/www.100muzov.sk\/registracia-hotovo-25\/#breadcrumb","itemListElement":[{"@type":"ListItem","position":1,"name":"Home","item":"https:\/\/www.100muzov.sk\/"},{"@type":"ListItem","position":2,"name":"Registr\u00e1cia hotov\u00e1 25"}]},{"@type":"WebSite","@id":"https:\/\/www.100muzov.sk\/#website","url":"https:\/\/www.100muzov.sk\/","name":"100 mu\u017eov","description":"Stretnutie 100 mu\u017eov 2026","publisher":{"@id":"https:\/\/www.100muzov.sk\/#organization"},"alternateName":"Stretnutie 100 mu\u017eov 2026","potentialAction":[{"@type":"SearchAction","target":{"@type":"EntryPoint","urlTemplate":"https:\/\/www.100muzov.sk\/?s={search_term_string}"},"query-input":{"@type":"PropertyValueSpecification","valueRequired":true,"valueName":"search_term_string"}}],"inLanguage":"cs"},{"@type":"Organization","@id":"https:\/\/www.100muzov.sk\/#organization","name":"Amaen, o.z.","url":"https:\/\/www.100muzov.sk\/","logo":{"@type":"ImageObject","inLanguage":"cs","@id":"https:\/\/www.100muzov.sk\/#\/schema\/logo\/image\/","url":"https:\/\/www.100muzov.sk\/wp-content\/uploads\/2025\/11\/cropped-Featured.jpg","contentUrl":"https:\/\/www.100muzov.sk\/wp-content\/uploads\/2025\/11\/cropped-Featured.jpg","width":532,"height":467,"caption":"Amaen, o.z."},"image":{"@id":"https:\/\/www.100muzov.sk\/#\/schema\/logo\/image\/"},"sameAs":["https:\/\/www.facebook.com\/groups\/1572337069827313"]}]}},"_links":{"self":[{"href":"https:\/\/www.100muzov.sk\/cs\/wp-json\/wp\/v2\/pages\/97","targetHints":{"allow":["GET"]}}],"collection":[{"href":"https:\/\/www.100muzov.sk\/cs\/wp-json\/wp\/v2\/pages"}],"about":[{"href":"https:\/\/www.100muzov.sk\/cs\/wp-json\/wp\/v2\/types\/page"}],"author":[{"embeddable":true,"href":"https:\/\/www.100muzov.sk\/cs\/wp-json\/wp\/v2\/users\/1"}],"replies":[{"embeddable":true,"href":"https:\/\/www.100muzov.sk\/cs\/wp-json\/wp\/v2\/comments?post=97"}],"version-history":[{"count":11,"href":"https:\/\/www.100muzov.sk\/cs\/wp-json\/wp\/v2\/pages\/97\/revisions"}],"predecessor-version":[{"id":517,"href":"https:\/\/www.100muzov.sk\/cs\/wp-json\/wp\/v2\/pages\/97\/revisions\/517"}],"wp:attachment":[{"href":"https:\/\/www.100muzov.sk\/cs\/wp-json\/wp\/v2\/media?parent=97"}],"curies":[{"name":"wp","href":"https:\/\/api.w.org\/{rel}","templated":true}]}}